{"id":33,"date":"2013-08-27T15:18:36","date_gmt":"2013-08-27T19:18:36","guid":{"rendered":"http:\/\/iblog.dearbornschools.org\/shenew\/?page_id=33"},"modified":"2013-08-27T15:18:36","modified_gmt":"2013-08-27T19:18:36","slug":"ocr-disclaimer","status":"publish","type":"page","link":"https:\/\/iblog.dearbornschools.org\/shenew\/ocr-disclaimer\/","title":{"rendered":"OCR Disclaimer"},"content":{"rendered":"<p align=\"center\"><b><i>Dearborn Public Schools accept a parent\u2019s assertion that he or she needs language assistance without requiring additional corroboration<\/i><\/b><b>.<\/b><\/p>\n<p align=\"center\"><b><i>For free help with understanding the content of this document, please call the Student Services office 827-3005 for translation\/interpretation assistance.<\/i><\/b><\/p>\n<p><b><i><span style=\"text-decoration: underline;\">Arabic<\/span><\/i><\/b>\u062a\u0624\u0643\u062f \u0645\u062f\u0627\u0631\u0633 \u062f\u064a\u0631\u0628\u0648\u0631\u0646 \u0639\u0644\u0649 \u062a\u0648\u0641\u064a\u0631 \u062e\u062f\u0645\u0627\u062a \u0627\u0644\u062a\u0631\u062c\u0645\u0629 \u0628\u062f\u0648\u0646 \u0623\u064a \u0634\u0631\u0637.\u0644\u0644\u062d\u0635\u0648\u0644 \u0639\u0644\u0649 \u0647\u0630\u0647 \u0627\u0644\u062e\u062f\u0645\u0629 \u0627\u0644\u0645\u062c\u0627\u0646\u064a\u0651\u0629 \u0648\u0644\u0641\u0647\u0645 \u0647\u0630\u0647 \u0627\u0644\u0625\u0633\u062a\u0645\u0627\u0631\u0629\u00a0 \u064a\u0631\u062c\u0649 \u0627\u0644\u0625\u062a\u0635\u0627\u0644 \u0628\u0645\u0643\u062a\u0628 \u062e\u062f\u0645\u0627\u062a \u0627\u0644\u0637\u0644\u0627\u0628 \u0639\u0644\u0649 \u0627\u0644\u0631\u0642\u0645 8273005-<i><\/i><\/p>\n<p><b><i><span style=\"text-decoration: underline;\">French\u00a0<\/span><\/i><\/b><b>Les \u00e9coles de Dearborn vous offrent le service de traduction sans aucune condition. Si vous souhaitez avoir le service gratuit pour comprendre le contenu de ce document, pri\u00e8re d&#8217;appeler le bureau de Services aux Etudiants 827-3005.<i><\/i><\/b><\/p>\n<p><b><i><span style=\"text-decoration: underline;\">Spanish<\/span><\/i><\/b><b>Las escuelas de Dearborn<\/b><b>\u00a0aceptan la afirmaci\u00f3n\u00a0de un padre\u00a0que \u00e9l o ella\u00a0necesita\u00a0ayuda con el idioma\u00a0sin necesidad decorroboraci\u00f3n\u00a0adicional.\u00a0Para obtener ayuda gratuita\u00a0con la comprensi\u00f3n del\u00a0contenido de este documento, por favor\u00a0llame a la oficina\u00a0de Servicios de los Estudiantes\u00a0827-3005\u00a0para recibir asistencia\u00a0de traducci\u00f3n \/ interpretaci\u00f3n.<\/b><\/p>\n<p><b><i><span style=\"text-decoration: underline;\">Italian<\/span><\/i><\/b><b>Scuole<\/b><b>\u00a0Dearborn\u00a0accettare\u00a0l&#8217;affermazione\u00a0di un genitore\u00a0che lui o lei\u00a0ha bisogno di assistenza\u00a0lingua\u00a0senza bisogno di\u00a0ulterioriconferme.\u00a0Per\u00a0aiuto\u00a0con la comprensione del\u00a0contenuto di questo documento,\u00a0si prega di chiamare\u00a0l&#8217;ufficio\u00a0Student Services\u00a0827-3005\u00a0per la traduzione\u00a0\/\u00a0interpretazione\u00a0di assistenza.<\/b><\/p>\n<p><b><i><span style=\"text-decoration: underline;\">Albanian<\/span><\/i><\/b><b>Shkolla<\/b><b>\u00a0DEARBORN\u00a0pranojn\u00eb\u00a0pohimin e\u00a0t\u00eb prind\u00ebrve\u00a0q\u00eb ai ose\u00a0ajo ka nevoj\u00eb\u00a0p\u00ebr ndihm\u00eb\u00a0t\u00eb gjuh\u00ebs\u00a0pa k\u00ebrkuar\u00a0v\u00ebrtetim\u00a0shtes\u00eb.\u00a0P\u00ebr ndihm\u00eb\u00a0lir\u00eb me\u00a0kuptuar\u00a0p\u00ebrmbajtjen e\u00a0k\u00ebtij dokumenti,\u00a0ju lutemi telefononi\u00a0zyr\u00ebn e\u00a0sh\u00ebrbimeve p\u00ebr student\u00eb\u00a0827-3005\u00a0p\u00ebr p\u00ebrkthim\u00a0\/interpretim\u00a0ndihm\u00eb.<\/b><\/p>\n<p><b><i><span style=\"text-decoration: underline;\">Romanian<\/span><\/i><\/b><b>Scolile orasului Dearborn accepta orice declaratie parinteasca care atesta nevoia copilul de assistenta cu limba engleza fara nici o dovada suplimentara. Daca aveti nevoie sa intelegeti acest document da-ti telefon la oficiul serviciilor scolare la numarul 827-3005 pentru a primi asistenta cu translatia sau interpretarea lui.<\/b><\/p>\n<p><b><i><span style=\"text-decoration: underline;\">Urdu<\/span><\/i><\/b>\u0688\u06cc\u0626\u0631 \u0628\u0648\u0631\u0646\u00a0\u0627\u0633\u06a9\u0648\u0644\u0648\u06ba\u00a0\u0645\u06cc\u06ba\u00a0\u0648\u0627\u0644\u062f\u06cc\u0646\u00a0\u06a9\u0627 \u062f\u0639\u0648\u06cc\u00a0\u06c1\u06d2 \u06a9\u06c1 \u0648\u06c1\u00a0\u06cc\u0627\u00a0\u0648\u06c1\u00a0\u0627\u0636\u0627\u0641\u06cc\u00a0\u062a\u0639\u0627\u0648\u0646\u00a0\u06a9\u06cc\u00a0\u0636\u0631\u0648\u0631\u062a\u00a0\u06c1\u0648\u062a\u06cc\u00a0\u06c1\u06d2\u00a0\u0628\u063a\u06cc\u0631\u00a0\u0632\u0628\u0627\u0646\u00a0\u0627\u0645\u062f\u0627\u062f\u00a0\u06a9\u06cc\u00a0\u0636\u0631\u0648\u0631\u062a\u00a0\u06c1\u06d2\u00a0\u06a9\u0648\u00a0\u0642\u0628\u0648\u0644\u00a0\u06a9\u0631\u062a\u06d2\u00a0\u06c1\u06cc\u06ba.\u0627\u0633 \u062f\u0633\u062a\u0627\u0648\u06cc\u0632\u00a0\u06a9\u06d2\u00a0\u0645\u0648\u0627\u062f\u00a0\u06a9\u0648\u00a0\u0633\u0645\u062c\u06be\u0646\u06d2\u00a0\u06a9\u06d2\u00a0\u0633\u0627\u062a\u06be\u00a0\u0645\u0641\u062a\u0645\u06cc\u06ba \u0645\u062f\u062f \u06a9\u06d2 \u0644\u0626\u06d2\u060c\u00a0\u0628\u0631\u0627\u06c1 \u0645\u06c1\u0631\u0628\u0627\u0646\u06cc\u00a0\u0645\u062f\u062f\u00a0\u062a\u0631\u062c\u0645\u06c1\u00a0\/\u00a0\u062a\u0634\u0631\u06cc\u062d\u00a0\u06a9\u06d2\u00a0\u0644\u0626\u06d2\u00a0\u0637\u0627\u0644\u0628\u00a0\u0639\u0644\u0645\u00a0\u06a9\u06cc\u00a0\u062e\u062f\u0645\u0627\u062a\u00a0\u06a9\u06d2 \u062f\u0641\u062a\u0631\u00a0\u06a9\u0648\u00a0\u06a9\u0627\u0644\u00a0\u06a9\u0631\u06cc\u06ba\u00a0\u00a03005-827.<\/p>\n","protected":false},"excerpt":{"rendered":"<p>Dearborn Public Schools accept a parent\u2019s assertion that he or she needs language assistance without requiring additional corroboration. For free help with understanding the content of this document, please call the Student Services office 827-3005 for translation\/interpretation assistance. Arabic\u062a\u0624\u0643\u062f \u0645\u062f\u0627\u0631\u0633 \u062f\u064a\u0631\u0628\u0648\u0631\u0646 \u0639\u0644\u0649 \u062a\u0648\u0641\u064a\u0631 \u062e\u062f\u0645\u0627\u062a \u0627\u0644\u062a\u0631\u062c\u0645\u0629 \u0628\u062f\u0648\u0646 \u0623\u064a \u0634\u0631\u0637.\u0644\u0644\u062d\u0635\u0648\u0644 \u0639\u0644\u0649 \u0647\u0630\u0647 \u0627\u0644\u062e\u062f\u0645\u0629 \u0627\u0644\u0645\u062c\u0627\u0646\u064a\u0651\u0629 \u0648\u0644\u0641\u0647\u0645 \u0647\u0630\u0647 \u0627\u0644\u0625\u0633\u062a\u0645\u0627\u0631\u0629\u00a0 [&hellip;]<\/p>\n","protected":false},"author":357,"featured_media":0,"parent":0,"menu_order":0,"comment_status":"open","ping_status":"closed","template":"","meta":{"footnotes":""},"class_list":["post-33","page","type-page","status-publish","hentry"],"_links":{"self":[{"href":"https:\/\/iblog.dearbornschools.org\/shenew\/wp-json\/wp\/v2\/pages\/33","targetHints":{"allow":["GET"]}}],"collection":[{"href":"https:\/\/iblog.dearbornschools.org\/shenew\/wp-json\/wp\/v2\/pages"}],"about":[{"href":"https:\/\/iblog.dearbornschools.org\/shenew\/wp-json\/wp\/v2\/types\/page"}],"author":[{"embeddable":true,"href":"https:\/\/iblog.dearbornschools.org\/shenew\/wp-json\/wp\/v2\/users\/357"}],"replies":[{"embeddable":true,"href":"https:\/\/iblog.dearbornschools.org\/shenew\/wp-json\/wp\/v2\/comments?post=33"}],"version-history":[{"count":0,"href":"https:\/\/iblog.dearbornschools.org\/shenew\/wp-json\/wp\/v2\/pages\/33\/revisions"}],"wp:attachment":[{"href":"https:\/\/iblog.dearbornschools.org\/shenew\/wp-json\/wp\/v2\/media?parent=33"}],"curies":[{"name":"wp","href":"https:\/\/api.w.org\/{rel}","templated":true}]}}