{"id":697,"date":"2012-09-24T19:15:45","date_gmt":"2012-09-24T23:15:45","guid":{"rendered":"http:\/\/blog.dearbornschools.org\/salehm\/?page_id=697"},"modified":"2012-09-24T19:15:45","modified_gmt":"2012-09-24T23:15:45","slug":"foreign-language-assistance","status":"publish","type":"page","link":"https:\/\/iblog.dearbornschools.org\/salehm\/foreign-language-assistance\/","title":{"rendered":"Foreign Language Assistance"},"content":{"rendered":"<div>\n<p align=\"center\"><strong><em>\u00a0<\/em><\/strong><\/p>\n<p align=\"center\"><strong><em>Dearborn Public Schools accept a parent\u2019s assertion that he or she needs<\/em><\/strong><\/p>\n<p align=\"center\"><strong><em>\u00a0\u00a0 language assistance without requiring additional corroboration<\/em><\/strong><strong>.<\/strong><\/p>\n<p align=\"center\"><strong>\u00a0<\/strong><\/p>\n<p align=\"center\"><strong><em>\u00a0\u00a0 For free help with understanding the content of this document, please call<\/em><\/strong><\/p>\n<p align=\"center\"><strong><em>\u00a0the Student Services office 827-3005 for translation\/interpretation assistance.<\/em><\/strong><\/p>\n<p align=\"center\"><strong><em>\u00a0<\/em><\/strong><\/p>\n<p align=\"center\"><strong><em><span style=\"text-decoration: underline\">Arabic<\/span><\/em><\/strong><em><\/em><\/p>\n<p align=\"center\">\u062a\u0624\u0643\u062f \u0645\u062f\u0627\u0631\u0633 \u062f\u064a\u0631\u0628\u0648\u0631\u0646 \u0639\u0644\u0649 \u062a\u0648\u0641\u064a\u0631 \u062e\u062f\u0645\u0627\u062a \u0627\u0644\u062a\u0631\u062c\u0645\u0629 \u0628\u062f\u0648\u0646 \u0623\u064a \u0634\u0631\u0637.\u0644\u0644\u062d\u0635\u0648\u0644 \u0639\u0644\u0649 \u0647\u0630\u0647 \u0627\u0644\u062e\u062f\u0645\u0629 \u0627\u0644\u0645\u062c\u0627\u0646\u064a\u0651\u0629 \u0648\u0644\u0641\u0647\u0645 \u0647\u0630\u0647 \u0627\u0644\u0625\u0633\u062a\u0645\u0627\u0631\u0629\u00a0 \u064a\u0631\u062c\u0649 \u0627\u0644\u0625\u062a\u0635\u0627\u0644 \u0628\u0645\u0643\u062a\u0628 \u062e\u062f\u0645\u0627\u062a \u0627\u0644\u0637\u0644\u0627\u0628 \u0639\u0644\u0649 \u0627\u0644\u0631\u0642\u0645 3005-827.<em> <\/em><\/p>\n<p align=\"center\"><strong><em>\u00a0<\/em><\/strong><\/p>\n<p align=\"center\"><strong><em><span style=\"text-decoration: underline\">French<\/span><\/em><\/strong><\/p>\n<p align=\"center\"><strong>\u00a0<\/strong><strong>Les \u00e9coles de Dearborn vous offrent le service de traduction sans aucune condition. Si vous souhaitez avoir le service gratuit pour comprendre le contenu de ce document, pri\u00e8re d&#8217;appeler le bureau de Services aux Etudiants 827-3005.<\/strong><strong><em><\/em><\/strong><\/p>\n<p align=\"center\"><strong><em>\u00a0<\/em><\/strong><\/p>\n<p align=\"center\"><strong><em><span style=\"text-decoration: underline\">Spanish<\/span><\/em><\/strong><\/p>\n<p align=\"center\"><strong>Las escuelas de Dearborn<\/strong><strong> aceptan la afirmaci\u00f3n de un padre que \u00e9l o ella necesita ayuda con el idioma sin necesidad de corroboraci\u00f3n adicional. Para obtener ayuda gratuita con la comprensi\u00f3n del contenido de este documento, por favor llame a la oficina de Servicios de los Estudiantes 827-3005 para recibir asistencia de traducci\u00f3n \/ interpretaci\u00f3n.<\/strong><\/p>\n<p align=\"center\"><strong><em>\u00a0<\/em><\/strong><\/p>\n<p align=\"center\"><strong><em><span style=\"text-decoration: underline\">Italian<\/span><\/em><\/strong><\/p>\n<p align=\"center\"><strong>Scuole<\/strong><strong> Dearborn accettare l&#8217;affermazione di un genitore che lui o lei ha bisogno di assistenza lingua senza bisogno di ulteriori conferme. Per aiuto con la comprensione del contenuto di questo documento, si prega di chiamare l&#8217;ufficio Student Services 827-3005 per la traduzione \/ interpretazione di assistenza.<\/strong><strong><\/strong><\/p>\n<p align=\"center\"><strong><em>\u00a0<\/em><\/strong><\/p>\n<p align=\"center\"><strong><em><span style=\"text-decoration: underline\">Albanian<\/span><\/em><\/strong><\/p>\n<p align=\"center\"><strong>Shkolla<\/strong><strong> DEARBORN pranojn\u00eb pohimin e t\u00eb prind\u00ebrve q\u00eb ai ose ajo ka nevoj\u00eb p\u00ebr ndihm\u00eb t\u00eb gjuh\u00ebs pa k\u00ebrkuar v\u00ebrtetim shtes\u00eb. P\u00ebr ndihm\u00eb lir\u00eb me kuptuar p\u00ebrmbajtjen e k\u00ebtij dokumenti, ju lutemi telefononi zyr\u00ebn e sh\u00ebrbimeve p\u00ebr student\u00eb 827-3005 p\u00ebr p\u00ebrkthim \/ interpretim ndihm\u00eb.<\/strong><strong><\/strong><\/p>\n<p align=\"center\"><strong><em><span style=\"text-decoration: underline\">\u00a0<\/span><\/em><\/strong><\/p>\n<p align=\"center\"><strong><em><span style=\"text-decoration: underline\">Romanian<\/span><\/em><\/strong><\/p>\n<p align=\"center\"><strong>Scolile orasului Dearborn accepta orice declaratie parinteasca care atesta nevoia copilul de assistenta cu limba engleza fara nici o dovada suplimentara. Daca aveti nevoie sa intelegeti acest document da-ti telefon la oficiul serviciilor scolare la numarul 827-3005 pentru a primi asistenta cu translatia sau interpretarea lui.<\/strong><\/p>\n<p align=\"center\"><strong><em>\u00a0<\/em><\/strong><\/p>\n<p align=\"center\"><strong><em><span style=\"text-decoration: underline\">Urdu<\/span><\/em><\/strong><\/p>\n<p align=\"center\">\u0688\u06cc\u0626\u0631 \u0628\u0648\u0631\u0646 \u0627\u0633\u06a9\u0648\u0644\u0648\u06ba \u0645\u06cc\u06ba \u0648\u0627\u0644\u062f\u06cc\u0646 \u06a9\u0627 \u062f\u0639\u0648\u06cc \u06c1\u06d2 \u06a9\u06c1 \u0648\u06c1 \u06cc\u0627 \u0648\u06c1 \u0627\u0636\u0627\u0641\u06cc \u062a\u0639\u0627\u0648\u0646 \u06a9\u06cc \u0636\u0631\u0648\u0631\u062a \u06c1\u0648\u062a\u06cc \u06c1\u06d2 \u0628\u063a\u06cc\u0631 \u0632\u0628\u0627\u0646 \u0627\u0645\u062f\u0627\u062f \u06a9\u06cc \u0636\u0631\u0648\u0631\u062a \u06c1\u06d2 \u06a9\u0648 \u0642\u0628\u0648\u0644 \u06a9\u0631\u062a\u06d2 \u06c1\u06cc\u06ba.\u0627\u0633 \u062f\u0633\u062a\u0627\u0648\u06cc\u0632 \u06a9\u06d2 \u0645\u0648\u0627\u062f \u06a9\u0648 \u0633\u0645\u062c\u06be\u0646\u06d2 \u06a9\u06d2 \u0633\u0627\u062a\u06be \u0645\u0641\u062a \u0645\u06cc\u06ba \u0645\u062f\u062f \u06a9\u06d2 \u0644\u0626\u06d2\u060c \u0628\u0631\u0627\u06c1 \u0645\u06c1\u0631\u0628\u0627\u0646\u06cc \u0645\u062f\u062f \u062a\u0631\u062c\u0645\u06c1 \/ \u062a\u0634\u0631\u06cc\u062d \u06a9\u06d2 \u0644\u0626\u06d2 \u0637\u0627\u0644\u0628 \u0639\u0644\u0645 \u06a9\u06cc \u062e\u062f\u0645\u0627\u062a \u06a9\u06d2 \u062f\u0641\u062a\u0631 \u06a9\u0648 \u06a9\u0627\u0644 \u06a9\u0631\u06cc\u06ba \u00a03005-827.<strong><\/strong><\/p>\n<\/div>\n","protected":false},"excerpt":{"rendered":"<p>\u00a0 Dearborn Public Schools accept a parent\u2019s assertion that he or she needs \u00a0\u00a0 language assistance without requiring additional corroboration. \u00a0 \u00a0\u00a0 For free help with understanding the content of this document, please call \u00a0the Student Services office 827-3005 for &hellip; <a href=\"https:\/\/iblog.dearbornschools.org\/salehm\/foreign-language-assistance\/\">Continue reading <span class=\"meta-nav\">&rarr;<\/span><\/a><\/p>\n","protected":false},"author":74,"featured_media":0,"parent":0,"menu_order":0,"comment_status":"open","ping_status":"closed","template":"","meta":{"footnotes":""},"class_list":["post-697","page","type-page","status-publish","hentry"],"_links":{"self":[{"href":"https:\/\/iblog.dearbornschools.org\/salehm\/wp-json\/wp\/v2\/pages\/697","targetHints":{"allow":["GET"]}}],"collection":[{"href":"https:\/\/iblog.dearbornschools.org\/salehm\/wp-json\/wp\/v2\/pages"}],"about":[{"href":"https:\/\/iblog.dearbornschools.org\/salehm\/wp-json\/wp\/v2\/types\/page"}],"author":[{"embeddable":true,"href":"https:\/\/iblog.dearbornschools.org\/salehm\/wp-json\/wp\/v2\/users\/74"}],"replies":[{"embeddable":true,"href":"https:\/\/iblog.dearbornschools.org\/salehm\/wp-json\/wp\/v2\/comments?post=697"}],"version-history":[{"count":0,"href":"https:\/\/iblog.dearbornschools.org\/salehm\/wp-json\/wp\/v2\/pages\/697\/revisions"}],"wp:attachment":[{"href":"https:\/\/iblog.dearbornschools.org\/salehm\/wp-json\/wp\/v2\/media?parent=697"}],"curies":[{"name":"wp","href":"https:\/\/api.w.org\/{rel}","templated":true}]}}