{"id":22,"date":"2013-03-05T08:02:13","date_gmt":"2013-03-05T13:02:13","guid":{"rendered":"http:\/\/iblog.dearbornschools.org\/defaulttemplate1\/?page_id=22"},"modified":"2015-09-17T21:33:05","modified_gmt":"2015-09-18T01:33:05","slug":"class-info","status":"publish","type":"page","link":"https:\/\/iblog.dearbornschools.org\/mssherlock\/class-info\/","title":{"rendered":"Class Info"},"content":{"rendered":"<p>Welcome to our classroom! As we begin our year together, I have some important information you need to know about the expectations of this class.\u00a0 First, I would like to take the opportunity to introduce myself.\u00a0 My name is Jamy Sherlock and I am honored to be your child\u2019s teacher this year.\u00a0 I earned my Bachelor\u2019s Degree from Eastern Michigan University and my Master\u2019s Degree from Concordia University, in Leadership and Administration. This is my third\u00a0year teaching in Dearborn Public Schools. It is important for your child to feel <span style=\"text-decoration: underline;\">safe and comfortable<\/span> because with this comes a well-managed classroom filled with opportunities where children can experience and discover, take risks and implement practices taught by the teacher.\u00a0 My teaching will consist of various types of lessons, being highly sensitive to different learning styles and the diversity of children that exist within any classroom.\u00a0 Also, I find it important and beneficial to integrate all subject matters across the curriculum.\u00a0 I look forward to a very fun and productive year! I\u2019m very excited about teaching 2nd \u00a0grade at Snow, and I\u2019m even more excited to be sharing it with you and your child.\u00a0 I am looking forward to meeting you, and getting a chance to get to know you.\u00a0 As for those of you that I\u2019ve already had the pleasure of working with in the past, thanks for your help and cooperation and I\u2019m thankful to be working with you again.\u00a0 If you have any questions, comments, or concerns please feel free to call my classroom voicemail at 313-827-7436, or the office at 313-827-6250, please leave a message, and I will return your call as soon as possible.<\/p>\n<p align=\"right\">I am looking forward to an exciting and meaningful year!\u00a0\u00a0\u00a0\u00a0\u00a0\u00a0\u00a0\u00a0\u00a0\u00a0\u00a0\u00a0\u00a0\u00a0\u00a0\u00a0\u00a0\u00a0\u00a0\u00a0\u00a0\u00a0\u00a0\u00a0\u00a0\u00a0\u00a0\u00a0\u00a0 \u00a0\u00a0\u00a0\u00a0\u00a0\u00a0\u00a0\u00a0\u00a0\u00a0\u00a0\u00a0\u00a0\u00a0\u00a0\u00a0\u00a0\u00a0\u00a0\u00a0\u00a0\u00a0\u00a0\u00a0 Sincerely,<\/p>\n<p align=\"right\">Miss. Sherlock<\/p>\n<p><b>Important People to Know<\/b><\/p>\n<p>Mrs. Ross Groover-Principal<\/p>\n<p>Mrs. Michelle Segerson-Secretary<\/p>\n<p><b>School Phone Number<\/b><\/p>\n<p>Main Office-(313)827-6250<\/p>\n<p><b>School Hours<\/b><\/p>\n<p>Our school hours are 8:40 a.m. to 3:35 p.m. (with the entry bell ringing at 8:35 a.m.) Students should wait on the black top on the upper elementary playground facing the Houston St. I will pick them up when the bell rings.\u00a0 In order for students to transition smoothly into the day, they should arrive promptly. If your child arrives after 8:40, they will be marked tardy.\u00a0 If your child arrives more than 10 minutes late, they are marked absent and need to be signed in through the office prior to arriving to the classroom.\u00a0 For safety, most of our outside entry doors are locked during the day.\u00a0 YOU MUST SIGN IN AT THE OFFICE IF YOU ARE VISITING THE BUILDING.<\/p>\n<p>At the end of the day, the students will be dismissed out the same doors from the morning.\u00a0 Please do not wait outside our classroom door, as it is distracting to the students.\u00a0 Please decide on a meeting place in the lobby or outside.\u00a0 Your help with this is appreciated and please pass this information on to any other adult who picks up or drops off your child. Please make sure your child is picked up on time.\u00a0 If you are late, your child will be waiting for you in the office, not in the classroom.<\/p>\n<p>&nbsp;<\/p>\n<p><b>Dearborn accepts a parent\u2019s assertion that he or she needs language assistance without requiring additional corroboration.<\/b><\/p>\n<p>\u0645\u062f\u064a\u0646\u0629 \u062f\u064a\u0631\u0628\u0648\u0631\u0646 \u062a\u0648\u0641\u0631 \u0639\u0646\u062f \u0627\u0644\u062d\u0627\u062c\u0629 \u062e\u062f\u0645\u0627\u062a \u0627\u0644\u062a\u0631\u062c\u0645\u0629 \u0644\u0644\u0623\u0647\u0627\u0644\u064a<\/p>\n<p><b>If you have difficulty understanding this notification, please call the Bilingual and Compensatory Education office at 827-3007.<\/b><\/p>\n<p>ALBANIAN: Ju lutemi telefononi zyr\u00ebn e Programit Dygjuh\u00ebsor n\u00eb 827-3007 p\u00ebr colo v\u00ebshtir\u00ebsi n\u00eb kuptimin e k\u00ebtij njoftimi.<\/p>\n<p>ARABIC:\u00a0\u00a0\u00a0\u00a0\u00a0\u00a0\u00a0\u00a0\u00a0\u00a0\u00a0\u00a0\u00a0\u00a0\u00a0\u00a0\u00a0\u00a0\u00a0\u00a0\u00a0\u00a0\u00a0\u00a0\u00a0\u00a0\u00a0\u00a0\u00a0\u00a0\u00a0\u00a0\u00a0\u00a0\u00a0\u00a0\u00a0\u00a0\u00a0\u00a0\u00a0\u00a0\u00a0 \u00a0\u00a0\u00a0\u00a0\u00a0\u00a0\u00a0\u00a0\u00a0\u00a0\u00a0\u00a0\u00a0\u00a0\u00a0\u00a0\u00a0\u00a0\u00a0\u00a0\u00a0\u00a0\u00a0\u00a0\u00a0\u00a0\u0625\u0630\u0627 \u0643\u0627\u0646 \u0644\u062f\u064a\u0643 \u0623\u064a\u0629 \u0627\u0633\u062a\u0641\u0633\u0627\u0631\u0627\u062a\u060c \u0627\u0644\u0631\u062c\u0627\u0621 \u0627\u0644\u0627\u062a\u0635\u0627\u0644 \u0628\u0627\u0644\u0645\u0643\u062a\u0628 \u062b\u0646\u0627\u0626\u064a \u0627\u0644\u0644\u063a\u0629 \u0639\u0644\u0649 \u0631\u0642\u06453007- 827.<\/p>\n<p>ITALIAN:\u00a0 Chiamano l\u2019ufficio Bilingual and Compensatory Education 827-3007 se incontrano difficolt\u00e0\u00a0 a capire questae nota.<\/p>\n<p>ROMANIAN:\u00a0 Daca nu intelegeti acest mesaj va rugam sa sunati la biroul Bilingual cu numarul 827-3007.<\/p>\n<p>SPANISH:\u00a0 Por favor, llamen la oficina de Bilingual and Compensatory Education 827-3007se no comprendon esta nota.<\/p>\n","protected":false},"excerpt":{"rendered":"<p>Welcome to our classroom! As we begin our year together, I have some important information you need to know about the expectations of this class.\u00a0 First, I would like to take the opportunity to introduce myself.\u00a0 My name is Jamy Sherlock and I am honored to be your child\u2019s teacher this year.\u00a0 I earned my [&hellip;]<\/p>\n","protected":false},"author":611,"featured_media":0,"parent":0,"menu_order":0,"comment_status":"open","ping_status":"closed","template":"","meta":{"footnotes":""},"class_list":["post-22","page","type-page","status-publish","hentry"],"_links":{"self":[{"href":"https:\/\/iblog.dearbornschools.org\/mssherlock\/wp-json\/wp\/v2\/pages\/22","targetHints":{"allow":["GET"]}}],"collection":[{"href":"https:\/\/iblog.dearbornschools.org\/mssherlock\/wp-json\/wp\/v2\/pages"}],"about":[{"href":"https:\/\/iblog.dearbornschools.org\/mssherlock\/wp-json\/wp\/v2\/types\/page"}],"author":[{"embeddable":true,"href":"https:\/\/iblog.dearbornschools.org\/mssherlock\/wp-json\/wp\/v2\/users\/611"}],"replies":[{"embeddable":true,"href":"https:\/\/iblog.dearbornschools.org\/mssherlock\/wp-json\/wp\/v2\/comments?post=22"}],"version-history":[{"count":0,"href":"https:\/\/iblog.dearbornschools.org\/mssherlock\/wp-json\/wp\/v2\/pages\/22\/revisions"}],"wp:attachment":[{"href":"https:\/\/iblog.dearbornschools.org\/mssherlock\/wp-json\/wp\/v2\/media?parent=22"}],"curies":[{"name":"wp","href":"https:\/\/api.w.org\/{rel}","templated":true}]}}