{"id":2985,"date":"2016-12-04T18:40:34","date_gmt":"2016-12-04T23:40:34","guid":{"rendered":"http:\/\/iblog.dearbornschools.org\/msredaworldhistory\/?page_id=2985"},"modified":"2019-12-19T14:25:10","modified_gmt":"2019-12-19T19:25:10","slug":"end-of-the-semester-extra-credit-due-jan-20th","status":"publish","type":"page","link":"https:\/\/iblog.dearbornschools.org\/msredaworldhistory\/end-of-the-semester-extra-credit-due-jan-20th\/","title":{"rendered":"Movie: End of the Semester Extra Credit: Due January 6th"},"content":{"rendered":"\n<div class=\"wp-block-file\"><a href=\"https:\/\/iblog.dearbornschools.org\/msredaworldhistory\/wp-content\/uploads\/sites\/945\/2019\/12\/WORLDHISTORYMOVIERECOMMENDATIONS-1.pdf\">WORLDHISTORYMOVIERECOMMENDATIONS-1<\/a><a href=\"https:\/\/iblog.dearbornschools.org\/msredaworldhistory\/wp-content\/uploads\/sites\/945\/2019\/12\/WORLDHISTORYMOVIERECOMMENDATIONS-1.pdf\" class=\"wp-block-file__button\" download>Download<\/a><\/div>\n\n\n\n<div class=\"wp-block-file\"><a href=\"https:\/\/iblog.dearbornschools.org\/msredaworldhistory\/wp-content\/uploads\/sites\/945\/2019\/12\/WORLDHISTORYMOVIERECOMMENDATIONS-4.docx\">WORLDHISTORYMOVIERECOMMENDATIONS-4<\/a><a href=\"https:\/\/iblog.dearbornschools.org\/msredaworldhistory\/wp-content\/uploads\/sites\/945\/2019\/12\/WORLDHISTORYMOVIERECOMMENDATIONS-4.docx\" class=\"wp-block-file__button\" download>Download<\/a><\/div>\n\n\n<h2 style=\"text-align: center;\"><a href=\"https:\/\/iblog.dearbornschools.org\/msredaworldhistory\/end-of-the-semester-extra-credit-due-jan-20th\/movie\/\" rel=\"attachment wp-att-2992\"><img loading=\"lazy\" decoding=\"async\" class=\"alignnone size-full wp-image-2992\" src=\"https:\/\/iblog.dearbornschools.org\/msredaworldhistory\/wp-content\/uploads\/sites\/945\/2016\/12\/movie.png\" alt=\"movie\" width=\"352\" height=\"143\" srcset=\"https:\/\/iblog.dearbornschools.org\/msredaworldhistory\/wp-content\/uploads\/sites\/945\/2016\/12\/movie.png 352w, https:\/\/iblog.dearbornschools.org\/msredaworldhistory\/wp-content\/uploads\/sites\/945\/2016\/12\/movie-300x122.png 300w\" sizes=\"auto, (max-width: 352px) 100vw, 352px\" \/><\/a><\/h2>\n<h2 style=\"text-align: center;\"><span style=\"color: #0000ff;\"><strong>*Directions*<\/strong><\/span><\/h2>\n<p><span style=\"color: #ff0000;\"><strong>Extra credit is due Thursday January 6th [NO EXCEPTIONS]<\/strong><\/span><\/p>\n<p>As an end of the semester incentive, I am offering you guys the opportunity to get extra credit for watching a movie. I spent a lot of time developing these lists and its long enough for you to find something you like, so please limit yourself to this list and nothing else.<\/p>\n<ul>\n<li>You can watch only ONE movie; and the amount of Extra Credit awarded is <span style=\"color: #ff0000;\">up to 10 summative points.<\/span><\/li>\n<li>Any part of the assignment that is plagiarized or copied off from someone else will result in no points awarded.<\/li>\n<li>This is an individual assignment- you can watch the movie together, but the questions are done separately.<\/li>\n<\/ul>\n<p><strong>Step 1: Open the movie list &#8211; browse the list<\/strong><\/p>\n<h2><span style=\"color: #ff0000;\">YOU CAN ONLY PICK A MOVIE FROM THE UNITS WE HAVE COVERED IN FIRST SEMESTER.\u00a0<\/span><\/h2>\n<p>\u00a0<\/p>\n<h2><span style=\"color: #3366ff;\">You can only pick movies from the topic boxes that are shaded in gray.. no other movies will be allowed!<\/span><\/h2>\n<p>Danton (under French Revolution) movie link on YouTube:\u00a0<a href=\"https:\/\/www.youtube.com\/watch?v=u-b7Rtu-nuk&amp;feature=youtu.be\" target=\"_blank\" rel=\"noopener noreferrer\">https:\/\/www.youtube.com\/watch?v=u-b7Rtu-nuk&amp;feature=youtu.be<\/a><\/p>\n<p>The French Revolution &#8211; Part 1 &#8211; English subtitles (La R\u00e9volution fran\u00e7aise &#8211; Les Ann\u00e9es Lumi\u00e8res) ) (link included for the movie- its free on YouTube).\u00a0<a href=\"https:\/\/www.youtube.com\/watch?v=-SP4iii_THQ&amp;feature=youtu.be\">https:\/\/www.youtube.com\/watch?v=-SP4iii_THQ&amp;feature=youtu.be<\/a><\/p>\n<p><strong>Step 2: Pick your choice<\/strong><\/p>\n<p>If it is a rated-R movie (written in brackets), please print the following permission slip, fill it out, and turn it in along with your movie analysis. If I don\u2019t get a permission slip with the paper, you don\u2019t get the extra credit.<\/p>\n<p><a href=\"https:\/\/iblog.dearbornschools.org\/msredaworldhistory\/end-of-the-semester-extra-credit-due-jan-20th\/movie-permission-slip\/\" target=\"_blank\" rel=\"attachment noopener wp-att-2986 noreferrer\">movie-permission-slip<\/a><\/p>\n<p><strong>Step 3: Watch the movie<\/strong><\/p>\n<p><strong>Step 4: \u00a0Once you\u2019ve watched it, download the \u201cWH Movie Questions EC\u201d worksheet: \u00a0<a href=\"https:\/\/iblog.dearbornschools.org\/msredaworldhistory\/end-of-the-semester-extra-credit-due-jan-20th\/wh-movie-questions-ec-2\/\" rel=\"attachment wp-att-3143\">WH-Movie-Questions-EC<\/a><\/strong><\/p>\n<ul>\n<li style=\"list-style-type: none;\">\n<ul>\n<li>Because of the generous amount of points being offered, I am going to be very picky in how I grade these. I expect very thorough responses to the questions I am asking.<\/li>\n<\/ul>\n<\/li>\n<\/ul>\n<ul>\n<li>Paper analysis:\n<ul>\n<li>MUST BE TYPED and PRINTED: I will not accept any hand-written analysis because it\u2019s much harder to read, and takes much longer. So when you download the questions, type right into the document and then save it as your name otherwise all your work is lost, then print.<\/li>\n<li><strong><span style=\"color: #ff0000;\">ANSWERS MUST BE A PARAGRAPH LONG PER OPEN-ENDED QUESTION (5-7 sentences)<\/span><\/strong><\/li>\n<\/ul>\n<\/li>\n<\/ul>","protected":false},"excerpt":{"rendered":"<p>*Directions* Extra credit is due Thursday January 6th [NO EXCEPTIONS] As an end of the [&hellip;]<\/p>\n","protected":false},"author":83,"featured_media":0,"parent":0,"menu_order":0,"comment_status":"closed","ping_status":"closed","template":"","meta":{"footnotes":""},"class_list":["post-2985","page","type-page","status-publish","hentry"],"_links":{"self":[{"href":"https:\/\/iblog.dearbornschools.org\/msredaworldhistory\/wp-json\/wp\/v2\/pages\/2985","targetHints":{"allow":["GET"]}}],"collection":[{"href":"https:\/\/iblog.dearbornschools.org\/msredaworldhistory\/wp-json\/wp\/v2\/pages"}],"about":[{"href":"https:\/\/iblog.dearbornschools.org\/msredaworldhistory\/wp-json\/wp\/v2\/types\/page"}],"author":[{"embeddable":true,"href":"https:\/\/iblog.dearbornschools.org\/msredaworldhistory\/wp-json\/wp\/v2\/users\/83"}],"replies":[{"embeddable":true,"href":"https:\/\/iblog.dearbornschools.org\/msredaworldhistory\/wp-json\/wp\/v2\/comments?post=2985"}],"version-history":[{"count":2,"href":"https:\/\/iblog.dearbornschools.org\/msredaworldhistory\/wp-json\/wp\/v2\/pages\/2985\/revisions"}],"predecessor-version":[{"id":5352,"href":"https:\/\/iblog.dearbornschools.org\/msredaworldhistory\/wp-json\/wp\/v2\/pages\/2985\/revisions\/5352"}],"wp:attachment":[{"href":"https:\/\/iblog.dearbornschools.org\/msredaworldhistory\/wp-json\/wp\/v2\/media?parent=2985"}],"curies":[{"name":"wp","href":"https:\/\/api.w.org\/{rel}","templated":true}]}}