{"id":248,"date":"2014-09-21T14:48:35","date_gmt":"2014-09-21T18:48:35","guid":{"rendered":"http:\/\/iblog.dearbornschools.org\/mehrhok\/?page_id=248"},"modified":"2015-08-29T21:26:08","modified_gmt":"2015-08-30T01:26:08","slug":"office-of-civil-rights-disclaimer","status":"publish","type":"page","link":"https:\/\/iblog.dearbornschools.org\/mehrhok\/office-of-civil-rights-disclaimer\/","title":{"rendered":"Office of Civil Rights Disclaimer"},"content":{"rendered":"<p><strong><em>Dearborn Public Schools accept a parent\u2019s assertion that he or she needs language assistance without requiring additional corroboration<\/em><\/strong><strong>.<\/strong><\/p>\n<p><strong><em>For free help with understanding the content of this document, please call the Student Services office at 827-3005 for <\/em><\/strong><strong><em>translation \/interpretation assistance.<\/em><\/strong><\/p>\n<p><strong><em>\u00a0\u00a0\u00a0\u00a0\u00a0\u00a0\u00a0\u00a0\u00a0\u00a0\u00a0\u00a0\u00a0\u00a0 Arabic: <\/em><\/strong><strong><em>827-6850 <\/em><\/strong><strong>\u062a\u0624\u0643\u062f \u0645\u062f\u0627\u0631\u0633 \u062f\u064a\u0631\u0628\u0648\u0631\u0646 \u0639\u0644\u0649 \u062a\u0648\u0641\u064a\u0631 \u062e\u062f\u0645\u0627\u062a \u0627\u0644\u062a\u0631\u062c\u0645\u0629 \u0628\u062f\u0648\u0646 \u0623\u064a \u0634\u0631\u0637.\u0644\u0644\u062d\u0635\u0648\u0644 \u0639\u0644\u0649 \u0647\u0630\u0647 \u0627\u0644\u062e\u062f\u0645\u0629 \u0627\u0644\u0645\u062c\u0627\u0646\u064a\u0651\u0629 \u0648\u0644\u0641\u0647\u0645 \u0647\u0630\u0647 \u0627\u0644\u0625\u0633\u062a\u0645\u0627\u0631\u0629 \u064a\u0631\u062c\u0649 \u0627\u0644\u0625\u062a\u0635\u0627\u0644 \u0628\u0645\u0643\u062a\u0628 \u0627\u0644\u0645\u062f\u0631\u0633\u0629 \u0639\u0644\u0649 \u0627\u0644\u0631\u0642\u0645 <\/strong><\/p>\n<p><strong><em>French: <\/em><\/strong><strong>Les \u00e9coles de Dearborn vous offrent le service de traduction sans aucune condition. Si vous souhaitez avoir le service gratuit pour comprendre le contenu de ce document, pri\u00e8re d&#8217;appeler le bureau de Services aux Etudiants 827-3005. <\/strong><strong><em>Spanish: <\/em><\/strong><strong>Las escuelas de Dearborn<\/strong><strong> acepta la afirmaci\u00f3n de un padre que \u00e9l o ella necesita ayuda con el idioma sin necesidad de corroboraci\u00f3n adicional. Para obtener ayuda gratuita con la comprensi\u00f3n del contenido de este documento, por favor llame a la oficina de Servicios de los Estudiantes 827-3005 para recibir asistencia de traducci\u00f3n \/ interpretaci\u00f3n. <em>Italian: <\/em><\/strong><strong>Scuole<\/strong><strong> Dearborn accettare l&#8217;affermazione di un genitore che lui o lei ha bisogno di assistenza lingua senza bisogno di ulteriori conferme. Per aiuto con la comprensione del contenuto di questo documento, si prega di chiamare l&#8217;ufficio Student Services 827-3005 per la traduzione \/ interpretazione di assistenza. <\/strong><strong><em>Albanian: <\/em><\/strong><strong>Shkolla<\/strong><strong> DEARBORN pranojn\u00eb pohimin e t\u00eb prind\u00ebrve q\u00eb ai ose ajo ka nevoj\u00eb p\u00ebr ndihm\u00eb t\u00eb gjuh\u00ebs pa k\u00ebrkuar v\u00ebrtetim shtes\u00eb. P\u00ebr ndihm\u00eb lir\u00eb me kuptuar p\u00ebrmbajtjen e k\u00ebtij dokumenti, ju lutemi telefononi zyr\u00ebn e sh\u00ebrbimeve p\u00ebr student\u00eb 827-3005 p\u00ebr p\u00ebrkthim \/ interpretim ndihm\u00eb.<\/strong> <strong><em>Romanian: <\/em><\/strong><strong>Scolile orasului Dearborn accepta orice declaratie parinteasca care atesta nevoia copilul de assistenta cu limba engleza fara nici o dovada suplimentara. Daca aveti nevoie sa intelegeti acest document da-ti telefon la oficiul serviciilor scolare la numarul 827-3005 pentru a primi asistenta cu translatia sau interpretarea lui. <em>Urdu: <\/em><\/strong>\u0688\u06cc\u0626\u0631 \u0628\u0648\u0631\u0646 \u0627\u0633\u06a9\u0648\u0644\u0648\u06ba \u0645\u06cc\u06ba \u0648\u0627\u0644\u062f\u06cc\u0646 \u06a9\u0627 \u062f\u0639\u0648\u06cc \u06c1\u06d2 \u06a9\u06c1 \u0648\u06c1 \u06cc\u0627 \u0648\u06c1 \u0627\u0636\u0627\u0641\u06cc \u062a\u0639\u0627\u0648\u0646 \u06a9\u06cc \u0636\u0631\u0648\u0631\u062a \u06c1\u0648\u062a\u06cc \u06c1\u06d2 \u0628\u063a\u06cc\u0631 \u0632\u0628\u0627\u0646 \u0627\u0645\u062f\u0627\u062f \u06a9\u06cc \u0636\u0631\u0648\u0631\u062a \u06c1\u06d2 \u06a9\u0648 \u0642\u0628\u0648\u0644 \u06a9\u0631\u062a\u06d2 \u06c1\u06cc\u06ba.\u0627\u0633 \u062f\u0633\u062a\u0627\u0648\u06cc\u0632 \u06a9\u06d2 \u0645\u0648\u0627\u062f \u06a9\u0648 \u0633\u0645\u062c\u06be\u0646\u06d2 \u06a9\u06d2 \u0633\u0627\u062a\u06be \u0645\u0641\u062a \u0645\u06cc\u06ba \u0645\u062f\u062f \u06a9\u06d2 \u0644\u0626\u06d2\u060c \u0628\u0631\u0627\u06c1 \u0645\u06c1\u0631\u0628\u0627\u0646\u06cc \u0645\u062f\u062f \u062a\u0631\u062c\u0645\u06c1 \/ \u062a\u0634\u0631\u06cc\u062d \u06a9\u06d2 \u0644\u0626\u06d2 \u0637\u0627\u0644\u0628 \u0639\u0644\u0645 \u06a9\u06cc \u062e\u062f\u0645\u0627\u062a \u06a9\u06d2 \u062f\u0641\u062a\u0631 \u06a9\u0648 \u06a9\u0627\u0644 \u06a9\u0631\u06cc\u06ba 3005-827.<strong>\u00a0\u00a0\u00a0\u00a0\u00a0\u00a0\u00a0\u00a0 <\/strong><\/p>\n","protected":false},"excerpt":{"rendered":"<p>Dearborn Public Schools accept a parent\u2019s assertion that he or she needs language assistance without requiring additional corroboration. For free help with understanding the content of this document, please call the Student Services office at 827-3005 for translation \/interpretation assistance. \u00a0\u00a0\u00a0\u00a0\u00a0\u00a0\u00a0\u00a0\u00a0\u00a0\u00a0\u00a0\u00a0\u00a0 Arabic: 827-6850 \u062a\u0624\u0643\u062f \u0645\u062f\u0627\u0631\u0633 \u062f\u064a\u0631\u0628\u0648\u0631\u0646 \u0639\u0644\u0649 \u062a\u0648\u0641\u064a\u0631 \u062e\u062f\u0645\u0627\u062a \u0627\u0644\u062a\u0631\u062c\u0645\u0629 \u0628\u062f\u0648\u0646 \u0623\u064a \u0634\u0631\u0637.\u0644\u0644\u062d\u0635\u0648\u0644 \u0639\u0644\u0649 \u0647\u0630\u0647 [&hellip;]<\/p>\n","protected":false},"author":99,"featured_media":0,"parent":0,"menu_order":0,"comment_status":"open","ping_status":"closed","template":"","meta":{"footnotes":""},"class_list":["post-248","page","type-page","status-publish","hentry"],"_links":{"self":[{"href":"https:\/\/iblog.dearbornschools.org\/mehrhok\/wp-json\/wp\/v2\/pages\/248","targetHints":{"allow":["GET"]}}],"collection":[{"href":"https:\/\/iblog.dearbornschools.org\/mehrhok\/wp-json\/wp\/v2\/pages"}],"about":[{"href":"https:\/\/iblog.dearbornschools.org\/mehrhok\/wp-json\/wp\/v2\/types\/page"}],"author":[{"embeddable":true,"href":"https:\/\/iblog.dearbornschools.org\/mehrhok\/wp-json\/wp\/v2\/users\/99"}],"replies":[{"embeddable":true,"href":"https:\/\/iblog.dearbornschools.org\/mehrhok\/wp-json\/wp\/v2\/comments?post=248"}],"version-history":[{"count":0,"href":"https:\/\/iblog.dearbornschools.org\/mehrhok\/wp-json\/wp\/v2\/pages\/248\/revisions"}],"wp:attachment":[{"href":"https:\/\/iblog.dearbornschools.org\/mehrhok\/wp-json\/wp\/v2\/media?parent=248"}],"curies":[{"name":"wp","href":"https:\/\/api.w.org\/{rel}","templated":true}]}}