{"id":29,"date":"2013-08-30T11:06:23","date_gmt":"2013-08-30T15:06:23","guid":{"rendered":"http:\/\/iblog.dearbornschools.org\/kortej\/?page_id=29"},"modified":"2013-08-30T11:06:23","modified_gmt":"2013-08-30T15:06:23","slug":"translation-assistance","status":"publish","type":"page","link":"https:\/\/iblog.dearbornschools.org\/kortej\/translation-assistance\/","title":{"rendered":"Translation Assistance"},"content":{"rendered":"<h2 id=\"post-619\"><a title=\"Permanent Link to Translation Assistance          \u0627\u0644\u062a\u0631\u062c\u0645\u0629 \u0627\u0644\u0645\u0633\u0627\u0639\u062f\u0629           Asistencia de traducci\u00f3n\" href=\"https:\/\/blog.dearbornschools.org\/davidw\/2012\/09\/10\/translation-assistance-%d8%a7%d9%84%d8%aa%d8%b1%d8%ac%d9%85%d8%a9-%d8%a7%d9%84%d9%85%d8%b3%d8%a7%d8%b9%d8%af%d8%a9-asistencia-de-traduccion\/\" rel=\"bookmark\">Translation Assistance \u0627\u0644\u062a\u0631\u062c\u0645\u0629 \u0627\u0644\u0645\u0633\u0627\u0639\u062f\u0629 Asistencia de traducci\u00f3n<\/a><\/h2>\n<div>\n<p>Translation Assistance \u0627\u0644\u062a\u0631\u062c\u0645\u0629 \u0627\u0644\u0645\u0633\u0627\u0639\u062f\u0629 Asistencia de traducci\u00f3n<br \/>\nPLEASE POST PLEASE POST<\/p>\n<p>Dearborn Public Schools accept a parent\u2019s assertion that he or she needs<br \/>\nlanguage assistance without requiring additional corroboration.<\/p>\n<p>For free help with understanding the content of this document, please call<br \/>\nthe Student Services office at 827-3005 for translation\/interpretation assistance.<\/p>\n<p>Arabic<br \/>\n\u062a\u0624\u0643\u062f \u0645\u062f\u0627\u0631\u0633 \u062f\u064a\u0631\u0628\u0648\u0631\u0646 \u0639\u0644\u0649 \u062a\u0648\u0641\u064a\u0631 \u062e\u062f\u0645\u0627\u062a \u0627\u0644\u062a\u0631\u062c\u0645\u0629 \u0628\u062f\u0648\u0646 \u0623\u064a \u0634\u0631\u0637.\u0644\u0644\u062d\u0635\u0648\u0644 \u0639\u0644\u0649 \u0647\u0630\u0647 \u0627\u0644\u062e\u062f\u0645\u0629 \u0627\u0644\u0645\u062c\u0627\u0646\u064a\u0651\u0629 \u0648\u0644\u0641\u0647\u0645 \u0647\u0630\u0647 \u0627\u0644\u0625\u0633\u062a\u0645\u0627\u0631\u0629 \u064a\u0631\u062c\u0649 \u0627\u0644\u0625\u062a\u0635\u0627\u0644 \u0628\u0645\u0643\u062a\u0628 \u062e\u062f\u0645\u0627\u062a \u0627\u0644\u0637\u0644\u0627\u0628 \u0639\u0644\u0649 \u0627\u0644\u0631\u0642\u0645 3005-827.<\/p>\n<p>French<br \/>\nLes \u00e9coles de Dearborn vous offrent le service de traduction sans aucune condition. Si vous souhaitez avoir le service gratuit pour comprendre le contenu de ce document, pri\u00e8re d\u2019appeler le bureau de Services aux Etudiants 827-3005.<\/p>\n<p>Spanish<br \/>\nLas escuelas de Dearborn acepta la afirmaci\u00f3n de un padre que \u00e9l o ella necesita ayuda con el idioma sin necesidad de corroboraci\u00f3n adicional. Para obtener ayuda gratuita con la comprensi\u00f3n del contenido de este documento, por favor llame a la oficina de Servicios de los Estudiantes 827-3005 para recibir asistencia de traducci\u00f3n \/ interpretaci\u00f3n.<\/p>\n<p>Italian<br \/>\nScuole Dearborn accettare l\u2019affermazione di un genitore che lui o lei ha bisogno di assistenza lingua senza bisogno di ulteriori conferme. Per aiuto con la comprensione del contenuto di questo documento, si prega di chiamare l\u2019ufficio Student Services 827-3005 per la traduzione \/ interpretazione di assistenza.<\/p>\n<p>Albanian<br \/>\nShkolla DEARBORN pranojn\u00eb pohimin e t\u00eb prind\u00ebrve q\u00eb ai ose ajo ka nevoj\u00eb p\u00ebr ndihm\u00eb t\u00eb gjuh\u00ebs pa k\u00ebrkuar v\u00ebrtetim shtes\u00eb. P\u00ebr ndihm\u00eb lir\u00eb me kuptuar p\u00ebrmbajtjen e k\u00ebtij dokumenti, ju lutemi telefononi zyr\u00ebn e sh\u00ebrbimeve p\u00ebr student\u00eb 827-3005 p\u00ebr p\u00ebrkthim \/ interpretim ndihm\u00eb.<\/p>\n<p>Romanian<br \/>\nScolile orasului Dearborn accepta orice declaratie parinteasca care atesta nevoia copilul de assistenta cu limba engleza fara nici o dovada suplimentara. Daca aveti nevoie sa intelegeti acest document da-ti telefon la oficiul serviciilor scolare la numarul 827-3005 pentru a primi asistenta cu translatia sau interpretarea lui.<\/p>\n<p>Urdu<br \/>\n\u0688\u06cc\u0626\u0631 \u0628\u0648\u0631\u0646 \u0627\u0633\u06a9\u0648\u0644\u0648\u06ba \u0645\u06cc\u06ba \u0648\u0627\u0644\u062f\u06cc\u0646 \u06a9\u0627 \u062f\u0639\u0648\u06cc \u06c1\u06d2 \u06a9\u06c1 \u0648\u06c1 \u06cc\u0627 \u0648\u06c1 \u0627\u0636\u0627\u0641\u06cc \u062a\u0639\u0627\u0648\u0646 \u06a9\u06cc \u0636\u0631\u0648\u0631\u062a \u06c1\u0648\u062a\u06cc \u06c1\u06d2 \u0628\u063a\u06cc\u0631 \u0632\u0628\u0627\u0646 \u0627\u0645\u062f\u0627\u062f \u06a9\u06cc \u0636\u0631\u0648\u0631\u062a \u06c1\u06d2 \u06a9\u0648 \u0642\u0628\u0648\u0644 \u06a9\u0631\u062a\u06d2 \u06c1\u06cc\u06ba.\u0627\u0633 \u062f\u0633\u062a\u0627\u0648\u06cc\u0632 \u06a9\u06d2 \u0645\u0648\u0627\u062f \u06a9\u0648 \u0633\u0645\u062c\u06be\u0646\u06d2 \u06a9\u06d2 \u0633\u0627\u062a\u06be \u0645\u0641\u062a \u0645\u06cc\u06ba \u0645\u062f\u062f \u06a9\u06d2 \u0644\u0626\u06d2\u060c \u0628\u0631\u0627\u06c1 \u0645\u06c1\u0631\u0628\u0627\u0646\u06cc \u0645\u062f\u062f \u062a\u0631\u062c\u0645\u06c1 \/ \u062a\u0634\u0631\u06cc\u062d \u06a9\u06d2 \u0644\u0626\u06d2 \u0637\u0627\u0644\u0628 \u0639\u0644\u0645 \u06a9\u06cc \u062e\u062f\u0645\u0627\u062a \u06a9\u06d2 \u062f\u0641\u062a\u0631 \u06a9\u0648 \u06a9\u0627\u0644 \u06a9\u0631\u06cc\u06ba 3005-827.<\/p>\n<\/div>\n","protected":false},"excerpt":{"rendered":"<p>Translation Assistance \u0627\u0644\u062a\u0631\u062c\u0645\u0629 \u0627\u0644\u0645\u0633\u0627\u0639\u062f\u0629 Asistencia de traducci\u00f3n Translation Assistance \u0627\u0644\u062a\u0631\u062c\u0645\u0629 \u0627\u0644\u0645\u0633\u0627\u0639\u062f\u0629 Asistencia de traducci\u00f3n PLEASE POST PLEASE POST Dearborn Public Schools accept a parent\u2019s assertion that he or she needs language assistance without requiring additional corroboration. For free help with understanding the content of this document, please call the Student Services office at 827-3005 for [&hellip;]<\/p>\n","protected":false},"author":429,"featured_media":0,"parent":0,"menu_order":0,"comment_status":"open","ping_status":"closed","template":"","meta":{"footnotes":""},"class_list":["post-29","page","type-page","status-publish","hentry"],"_links":{"self":[{"href":"https:\/\/iblog.dearbornschools.org\/kortej\/wp-json\/wp\/v2\/pages\/29","targetHints":{"allow":["GET"]}}],"collection":[{"href":"https:\/\/iblog.dearbornschools.org\/kortej\/wp-json\/wp\/v2\/pages"}],"about":[{"href":"https:\/\/iblog.dearbornschools.org\/kortej\/wp-json\/wp\/v2\/types\/page"}],"author":[{"embeddable":true,"href":"https:\/\/iblog.dearbornschools.org\/kortej\/wp-json\/wp\/v2\/users\/429"}],"replies":[{"embeddable":true,"href":"https:\/\/iblog.dearbornschools.org\/kortej\/wp-json\/wp\/v2\/comments?post=29"}],"version-history":[{"count":0,"href":"https:\/\/iblog.dearbornschools.org\/kortej\/wp-json\/wp\/v2\/pages\/29\/revisions"}],"wp:attachment":[{"href":"https:\/\/iblog.dearbornschools.org\/kortej\/wp-json\/wp\/v2\/media?parent=29"}],"curies":[{"name":"wp","href":"https:\/\/api.w.org\/{rel}","templated":true}]}}