{"id":22,"date":"2017-09-05T13:20:56","date_gmt":"2017-09-05T17:20:56","guid":{"rendered":"http:\/\/iblog.dearbornschools.org\/defaulttemplate1\/?page_id=22"},"modified":"2017-09-05T14:26:55","modified_gmt":"2017-09-05T18:26:55","slug":"class-info","status":"publish","type":"page","link":"https:\/\/iblog.dearbornschools.org\/kgrodzicki\/class-info\/","title":{"rendered":"Class Info"},"content":{"rendered":"<p>Bryant Middle School<\/p>\n<p><strong>Physical Education Class Syllabus<\/strong><\/p>\n<p>6<sup>th<\/sup> , 7<sup>th<\/sup>, 8<sup>th<\/sup> grade<\/p>\n<p>Mrs. Grodzicki<\/p>\n<p><strong>Physical Education Objective<\/strong>&#8211; To be able to understand and demonstrate the importance of being active and leading a healthy lifestyle.<\/p>\n<p><strong>Class objectives: <\/strong><\/p>\n<p>* Fitness- Students will develop in all areas of skill and health related fitness including, muscular strength, muscular endurance, cardiovascular fitness, flexibility, agility, speed, balance, power, coordination, and reaction time.<\/p>\n<p>*Character- Students will understand and demonstrate what it means to be a part of a team.\u00a0 Display Working together to reach a common goal.<\/p>\n<p>* Skills- Students will understand and demonstrate proper technique to correlate with sports specific skills.<\/p>\n<p>*Sports- Students will learn about a variety of sports, including, rules, techniques and strategies.<\/p>\n<p><strong>Class Rules &amp; Expectations<\/strong><\/p>\n<p><strong>: <\/strong><strong>\u00b7 <\/strong>Be on time and prepared for class.<\/p>\n<ul>\n<li>Follow directions the first time they are given.<\/li>\n<li>Ask to get a drink, use the restroom, or leave the class for any reason.<\/li>\n<li>No gum, candy, food or drink in the gym\/locker room \u2013 WATER ONLY<\/li>\n<li>Use equipment appropriately<\/li>\n<\/ul>\n<p>. \u00b7 Practice good sportsmanship.<\/p>\n<ul>\n<li>Respect yourself and others.<\/li>\n<li>Swimming \u2013 I will not be accepting any notes from home regarding swimming. If your child cannot swim due to a medical reason, a note prescribed by a doctor will be accepted. If a day of swimming is missed the student will be able to make it up. Make-up swim dates are typically at the end of each card marking.<\/li>\n<\/ul>\n<p>Locker room expectations-<\/p>\n<ul>\n<li>Only use locker assigned<\/li>\n<li>Must always lock up all belongings (your responsibility)<\/li>\n<li>Anything not locked up will end up in lost and found<\/li>\n<li>No food or drink allowed in locker room at any time<\/li>\n<li>No students will be allowed in locker room without teacher, locker room remains locked at all times. Classes will be dismissed together and locker room locked.<\/li>\n<li><strong>Required Materials<\/strong><\/li>\n<\/ul>\n<p>: \u00b7 Combination lock<\/p>\n<ul>\n<li>Shorts\/pants<\/li>\n<li>T-shirt\/long sleeve shirt<\/li>\n<li>Swim suit<\/li>\n<li>Towel (for swimming)<\/li>\n<li>Swim cap<\/li>\n<li>Tennis shoes<\/li>\n<li>Hair ties<\/li>\n<li>Deodorant<\/li>\n<li>Student planner<\/li>\n<li>Water \u2013 optional<\/li>\n<\/ul>\n<p><strong>Contact information<\/strong><\/p>\n<p><strong>Email- <a href=\"mailto:grodzik@dearbornschools.org\">grodzik@dearbornschools.org<\/a><\/strong><\/p>\n<p><strong><a href=\"https:\/\/iblog.dearbornschools.org\/kgrodzicki\/\">https:\/\/iblog.dearbornschools.org\/kgrodzicki\/<\/a><\/strong><\/p>\n<p><strong>Grading: Participation<\/strong> \u2013 includes preparation, punctuality, attitude, effort, and behavior. Students earn 10 points each day throughout the week. Deductions are made for the following:<\/p>\n<p>*Not changed \/no participation- 10 points deduction- MUST HAVE NOTE FROM DOCTOR or parent !<\/p>\n<p>Points off for \u2013 tardy, lack of effort, not following directions, gum, inappropriate clothing.<\/p>\n<ul>\n<li>+80% Achievement<\/li>\n<\/ul>\n<p>-Assignments<\/p>\n<p>\u2013Unit Quizzes \u00b7<\/p>\n<p>+20% Participation in Class<\/p>\n<p>Achievement: Throughout the class there will be assessments that measure what was learned and accomplished such as: skills tests, written tests, homework assignments, written in-class assignments, fitness tests, etc. All assessments will be given a point value bases on their importance.<\/p>\n<p>Curriculum: &#8211; Fitness testing (beginning and end of year), &#8211; health related fitness, goal setting, softball, soccer, basketball, volleyball, team handball, floor hockey, flickerball, dance, ultimate frisbee, tennis, badminton, swimming.<\/p>\n<p>Dearborn accepts a parent\u2019s assertion that he or she needs language assistance without requiring additional corroboration.\u0644\u0644\u0623\u06be\u0627\u0644\u064a \u0627\u0644\u062a\u0631\u062c\u0645\u0629 \u062e\u062f\u0645\u0627\u062a \u0627\u0644\u062d\u0627\u062c\u0629 \u0639\u0646\u062f \u062a\u0648\u0641\u0631 \u062f\u06cc\u0631\u0628\u0648\u0631\u0646 \u0645\u062f\u06cc\u0646\u0629 If you have difficulty understanding this notification, please call the Bilingual and Compensatory Education office at 827-3007. ALBANIAN: Ju lutemi telefononi zyr\u00ebn e Programit Dygjuh\u00ebsor n\u00eb 827-3007 p\u00ebr colo v\u00ebshtir\u00ebsi n\u00eb kuptimin e k\u00ebtij njoftimi. ARABIC: \u0628\u0627\u0644\u0645\u0643\u062a\u0628 \u0627\u0644\u0627\u062a\u0635\u0627\u0644 \u0627\u0644\u0631\u062c\u0627\u0621\u060c \u0627\u0633\u062a\u0641\u0633\u0627\u0631\u0627\u062a \u0623\u06cc\u0629 \u0644\u062f\u06cc\u0643 \u0643\u0627\u0646 \u0625\u0630\u0627 \u0631\u0642\u0645 \u0639\u0644\u0649 \u0627\u0644\u0644\u063a\u0629 \u062b\u0646\u0627\u0626\u064a3007 -827. ITALIAN: Chiamano l\u2019ufficio Bilingual and Compensatory Education 827-3007 se incontrano difficolt\u00e0 a capire questae nota. ROMANIAN: Daca nu intelegeti acest mesaj va rugam sa sunati la biroul Bilingual cu numarul 827-3007. SPANISH: Por favor, llamen la oficina de Bilingual and Compensatory Education 827-3007se no comprendon esta nota.<\/p>\n<p>&#8211; &#8211; &#8211; &#8211; &#8211; &#8211; &#8211; &#8211; &#8211; &#8211; &#8211; &#8211; &#8211; &#8211; &#8211; &#8211; &#8211; &#8211; &#8211; &#8211; &#8211; &#8211; &#8211; &#8211; &#8211; &#8211; &#8211; &#8211; &#8211; &#8211; &#8211; &#8211; &#8211; &#8211; &#8211; &#8211; &#8211; &#8211; &#8211; &#8211; &#8211; &#8211; &#8211; &#8211; &#8211; &#8211; &#8211; &#8211; &#8211; &#8211; &#8211; &#8212;&#8212;&#8212;&#8212;&#8212;&#8212;&#8212;&#8212;&#8212;&#8212;&#8212;&#8212;&#8212;&#8212;&#8212;&#8212;-<\/p>\n<p>I have read and understand the requirements and expectations of Ms. Grodzicki\u2019s Physical Education Class<\/p>\n<p>Student name:<\/p>\n<p>_________________________________ Student Signature: _________________________________ Parent\/Guardian Signature: ________________________________________________<\/p>\n<p>Parent Email: _________________________________________________________________<\/p>\n<p>&nbsp;<\/p>\n","protected":false},"excerpt":{"rendered":"<p>Bryant Middle School Physical Education Class Syllabus 6th , 7th, 8th grade Mrs. Grodzicki Physical Education Objective&#8211; To be able to understand and demonstrate the importance of being active and [&hellip;]<\/p>\n","protected":false},"author":2014,"featured_media":0,"parent":0,"menu_order":0,"comment_status":"open","ping_status":"closed","template":"","meta":{"footnotes":""},"class_list":["post-22","page","type-page","status-publish","hentry"],"_links":{"self":[{"href":"https:\/\/iblog.dearbornschools.org\/kgrodzicki\/wp-json\/wp\/v2\/pages\/22","targetHints":{"allow":["GET"]}}],"collection":[{"href":"https:\/\/iblog.dearbornschools.org\/kgrodzicki\/wp-json\/wp\/v2\/pages"}],"about":[{"href":"https:\/\/iblog.dearbornschools.org\/kgrodzicki\/wp-json\/wp\/v2\/types\/page"}],"author":[{"embeddable":true,"href":"https:\/\/iblog.dearbornschools.org\/kgrodzicki\/wp-json\/wp\/v2\/users\/2014"}],"replies":[{"embeddable":true,"href":"https:\/\/iblog.dearbornschools.org\/kgrodzicki\/wp-json\/wp\/v2\/comments?post=22"}],"version-history":[{"count":0,"href":"https:\/\/iblog.dearbornschools.org\/kgrodzicki\/wp-json\/wp\/v2\/pages\/22\/revisions"}],"wp:attachment":[{"href":"https:\/\/iblog.dearbornschools.org\/kgrodzicki\/wp-json\/wp\/v2\/media?parent=22"}],"curies":[{"name":"wp","href":"https:\/\/api.w.org\/{rel}","templated":true}]}}