{"id":4176,"date":"2016-09-29T19:10:19","date_gmt":"2016-09-29T23:10:19","guid":{"rendered":"http:\/\/iblog.dearbornschools.org\/keebler\/?page_id=4176"},"modified":"2023-09-03T12:08:30","modified_gmt":"2023-09-03T16:08:30","slug":"where-do-i-find","status":"publish","type":"page","link":"https:\/\/iblog.dearbornschools.org\/keebler\/where-do-i-find\/","title":{"rendered":"Table of Contents"},"content":{"rendered":"<p>Here is what\u00a0 you can find on the blog:<\/p>\n<ul>\n<li><a href=\"https:\/\/iblog.dearbornschools.org\/keebler\/parent-connect\/\"><strong>Parent Connect<\/strong><\/a> &#8211; Link to get to Parent Connect &#8211; keep track of your student&#8217;s grades and assignments.<\/li>\n<li><a href=\"https:\/\/iblog.dearbornschools.org\/keebler\/class-info\/\"><strong>About Mrs. Keebler<\/strong> <\/a>&#8211; learn more about Mrs. Keebler<\/li>\n<li><a href=\"https:\/\/iblog.dearbornschools.org\/keebler\/calendar\/\"><strong>Calendar<\/strong><\/a> &#8211; one of the main tabs on the right side of the blog.\u00a0 School and class events.<\/li>\n<li><strong>Class Information<\/strong> &#8211; Daily Schedule and specials, school supply list, Information on Star of the Week, Class policies and procedures, curriculum information,\u00a0 link for book orders.<\/li>\n<li><strong>Parent Information<\/strong> &#8211; printable form for chaperoning and volunteering, parenting articles<\/li>\n<li><strong>Lesson Plans and Homework<\/strong> &#8211; this tab has Reading logs for printing, Social studies information, Spelling words and homework, Science standards, Penmanship information and printable practice sheets, Math fact printable practice sheets,\u00a0 Homework expectations, Link to the Lesson being taught each day-The lesson plans have all the assignments attached for printing- If your student is ABSENT you can see what was taught and print the assignment to complete at home.<\/li>\n<li><strong>Dearborn Public Schools accept a parent\u2019s assertion that he or she needs language assistance without requiring additional corroboration. For free help with understanding the content of this <\/strong><strong>document, please call the Student Services office 827-3005 for translation\/interpretation assistance.<\/strong><br \/>\n. \u064a\u0629 \u0648\u0644\u0641\u0647\u0645 \u0647\u0630\u0647 \u0627\u0644\u0633\u062a\u0645\u0627\u0631\u0629 \u064a\u0631\u062c\u0649 \u0627\u0644\u062a\u0635\u0627\u0644 \u0628\u0645\u0643\u062a\u0628 \u062e\u062f\u0645\u0627\u062a :Arabic<br \/>\n\u064a<br \/>\n\u062a\u0624\u0643\u062f \u0645\u062f\u0627\u0631\u0633 \u062f\u064a\u0631\u0628\u0648\u0631\u0646 \u0639\u0644\u0649 \u062a\u0648\u0641\u064a\u0631 \u062e\u062f\u0645\u0627\u062a \u0627\u0644\u062a\u0631\u062c\u0645\u0629 \u0628\u062f\u0648\u0646 \u0623\u064a \u0634\u0631\u0637 \u0644\u0644\u062d\u0635\u0648\u0644 \u0639\u0644\u0649 \u0647\u0630\u0647 \u0627\u0644\u062e\u062f\u0645\u0629 \u0627\u0644\u0645\u062c\u0627\u0646<br \/>\n827-3005: \u0627\u0644\u0631\u0642\u0645 \u0639\u0644 \u0627\u0644\u0637\u0644\u0628French : Les \u00e9coles de Dearborn vous offrent le service de traduction sans<br \/>\naucune condition. Si vous souhaitez avoir le service gratuit pour comprendre le contenu de ce<br \/>\ndocument, pri\u00e8re d&#8217;appeler le bureau de Services aux Etudiants 827-3005. Spanish: Las<br \/>\nescuelas de Dearborn aceptan la afirmaci\u00f3n de un padre que \u00e9l o ella necesita ayuda con el<br \/>\nidioma sin necesidad de corroboraci\u00f3n adicional. Para obtener ayuda gratuita con la<br \/>\ncomprensi\u00f3n del contenido de este documento, por favor llame a la oficina de Servicios de los<br \/>\nEstudiantes 827-3005 para recibir asistencia de traducci\u00f3n \/ interpretaci\u00f3n. Italian: Scuole<br \/>\nDearborn accettare l&#8217;affermazione di un genitore che lui o lei ha bisogno di assistenza lingua<br \/>\nsenza bisogno di ulteriori conferme. Per aiuto con la comprensione del contenuto di questo<br \/>\ndocumento, si prega di chiamare l&#8217;ufficio Student Services 827-3005 per la traduzione \/<br \/>\ninterpretazione di assistenza. Albanian: Shkolla DEARBORN pranojn\u00eb pohimin e t\u00eb prind\u00ebrve<br \/>\nq\u00eb ai ose ajo ka nevoj\u00eb p\u00ebr ndihm\u00eb t\u00eb gjuh\u00ebs pa k\u00ebrkuar v\u00ebrtetim shtes\u00eb. P\u00ebr ndihm\u00eb lir\u00eb me<br \/>\nkuptuar p\u00ebrmbajtjen e k\u00ebtij dokumenti, ju lutemi telefononi zyr\u00ebn e sh\u00ebrbimeve p\u00ebr student\u00eb<br \/>\n827-3005 p\u00ebr p\u00ebrkthim \/ interpretim ndihm\u00eb. Romanian: Scolile orasului Dearborn accepta<br \/>\norice declaratie parinteasca care atesta nevoia copilul de assistenta cu limba engleza fara nici<br \/>\no dovada suplimentara. Daca aveti nevoie sa intelegeti acest document da-ti telefon la oficiul<br \/>\nserviciilor scolare la numarul 827-3005 pentru a primi asistenta cu translatia sau interpretarea<br \/>\n\u0688\u06cc\u0626\u0631 \u0628\u0648\u0631\u0646 . \u0627\u0633\u06a9\u0648\u0644\u0648\u06ba \u0645\u06cc\u06ba \u0648\u0627\u0644\u062f\u06cc\u0646 \u06a9\u0627 \u062f\u0639\u0648\u06cc \u06c1\u06d2 \u06a9\u06c1 \u0648\u06c1 \u06cc\u0627 \u0648\u06c1 \u0627\u0636\u0627\u0641\u06cc \u062a\u0639\u0627\u0648\u0646 \u06a9\u06cc \u0636\u0631\u0648\u0631\u062a \u06c1\u0648\u062a\u06cc \u06c1\u06d2 \u0628\u063a\u06cc\u0631 \u0632\u0628\u0627\u0646 \u0627\u0645\u062f\u0627\u062f \u06a9\u06cc \u0636\u0631\u0648\u0631\u062a \u06c1\u06d2 \u06a9\u0648 \u0642\u0628\u0648\u0644 \u06a9\u0631\u062a\u06d2 \u06c1\u06cc\u06ba \u0627\u0633 :Urdu. lui<br \/>\n\/ \u062f\u0633\u062a\u0627\u0648\u06cc\u0632 \u06a9\u06d2 \u0645\u0648\u0627\u062f \u06a9\u0648 \u0633\u0645\u062c\u06be\u0646\u06d2 \u06a9\u06d2 \u0633\u0627\u062a\u06be \u0645\u0641\u062a \u0645\u06cc\u06ba \u0645\u062f\u062f \u06a9\u06d2 \u0644\u0626\u06d2\u060c \u0628\u0631\u0627\u06c1 \u0645\u06c1\u0631\u0628\u0627\u0646\u06cc \u0645\u062f\u062f \u062a\u0631\u062c\u0645\u06c1 \u062a\u0634\u0631<\/li>\n<\/ul>\n","protected":false},"excerpt":{"rendered":"<p>Here is what\u00a0 you can find on the blog: Parent Connect &#8211; Link to get to Parent Connect &#8211; keep track of your student&#8217;s grades and assignments. About Mrs. Keebler &#8211; learn more about Mrs. Keebler Calendar &#8211; one of the main tabs on the right side of the blog.\u00a0 School and class events. Class [&hellip;]<\/p>\n","protected":false},"author":36,"featured_media":0,"parent":0,"menu_order":0,"comment_status":"closed","ping_status":"closed","template":"","meta":{"footnotes":""},"class_list":["post-4176","page","type-page","status-publish","hentry"],"_links":{"self":[{"href":"https:\/\/iblog.dearbornschools.org\/keebler\/wp-json\/wp\/v2\/pages\/4176","targetHints":{"allow":["GET"]}}],"collection":[{"href":"https:\/\/iblog.dearbornschools.org\/keebler\/wp-json\/wp\/v2\/pages"}],"about":[{"href":"https:\/\/iblog.dearbornschools.org\/keebler\/wp-json\/wp\/v2\/types\/page"}],"author":[{"embeddable":true,"href":"https:\/\/iblog.dearbornschools.org\/keebler\/wp-json\/wp\/v2\/users\/36"}],"replies":[{"embeddable":true,"href":"https:\/\/iblog.dearbornschools.org\/keebler\/wp-json\/wp\/v2\/comments?post=4176"}],"version-history":[{"count":2,"href":"https:\/\/iblog.dearbornschools.org\/keebler\/wp-json\/wp\/v2\/pages\/4176\/revisions"}],"predecessor-version":[{"id":7596,"href":"https:\/\/iblog.dearbornschools.org\/keebler\/wp-json\/wp\/v2\/pages\/4176\/revisions\/7596"}],"wp:attachment":[{"href":"https:\/\/iblog.dearbornschools.org\/keebler\/wp-json\/wp\/v2\/media?parent=4176"}],"curies":[{"name":"wp","href":"https:\/\/api.w.org\/{rel}","templated":true}]}}