{"id":22,"date":"2013-03-05T08:02:13","date_gmt":"2013-03-05T13:02:13","guid":{"rendered":"http:\/\/iblog.dearbornschools.org\/defaulttemplate1\/?page_id=22"},"modified":"2024-08-16T11:17:59","modified_gmt":"2024-08-16T15:17:59","slug":"class-info","status":"publish","type":"page","link":"https:\/\/iblog.dearbornschools.org\/keebler\/class-info\/","title":{"rendered":"About Mrs. Keebler"},"content":{"rendered":"<p style=\"text-align: left;\"><a href=\"https:\/\/iblog.dearbornschools.org\/keebler\/wp-content\/uploads\/sites\/210\/2013\/03\/s41390ca112808_32_1.jpg\"><img loading=\"lazy\" decoding=\"async\" class=\"alignnone size-medium wp-image-2914\" src=\"https:\/\/iblog.dearbornschools.org\/keebler\/wp-content\/uploads\/sites\/210\/2013\/03\/s41390ca112808_32_1-300x225.jpg\" alt=\"s41390ca112808_32_1\" width=\"300\" height=\"225\" srcset=\"https:\/\/iblog.dearbornschools.org\/keebler\/wp-content\/uploads\/sites\/210\/2013\/03\/s41390ca112808_32_1-300x225.jpg 300w, https:\/\/iblog.dearbornschools.org\/keebler\/wp-content\/uploads\/sites\/210\/2013\/03\/s41390ca112808_32_1-1024x768.jpg 1024w\" sizes=\"auto, (max-width: 300px) 100vw, 300px\" \/><\/a><\/p>\n<p style=\"text-align: left;\"><strong>Welcome to Mrs. Katie Keebler&#8217;s 3rd Grade Blog<\/strong><\/p>\n<p>Click here to email me <a href=\"mailto:keeblek@dearbornschools.org\">keeblek@dearbornschools.org<\/a>.<\/p>\n<p>I love teaching and I have been doing it for many years now.\u00a0 I have been teaching since 1991.\u00a0 I have worked in many different schools and I have taught all grade levels from preschool to 5th grade.\u00a0\u00a0I have taught in both public and private schools.\u00a0\u00a0I started teaching at the Dearborn Public Schools\u00a0in 2000.<\/p>\n<p>I am also the mother of two girls, Elizabeth and Stephanie.\u00a0 Elizabeth graduated from the University of Michigan in Ann Arbor and Stephanie is in studying at Central Michigan University. \u00a0 We live in Livonia, MI with my husband Fred.\u00a0 My husband is an artist and a photographer.\u00a0 We have a Persian cat named Oreo and 2 Ragdoll cats named Calvin and Hobbes.\u00a0 I also enjoy ballroom dancing in my free time.<\/p>\n<p>If you have any questions or comments about anything please do hesitate to contact me at any time.\u00a0 Email is the best way to reach me.\u00a0 Click here to email me <a href=\"mailto:keeblek@dearbornschools.org\">keeblek@dearbornschools.org<\/a>.<\/p>\n<p>I am looking forward to a great year with all your wonderful children!<\/p>\n<p>Mrs. Katie Keebler<\/p>\n<div>\n<p align=\"center\"><strong><em>Dearborn Public Schools accept a parent\u2019s assertion that he or she needs language assistance without requiring additional corroboration<\/em><\/strong><strong>. <em>For free help with understanding the content of this document, please call the Student Services office 827-3005 for translation\/interpretation assistance.<\/em><\/strong><\/p>\n<p align=\"center\"><strong><em>Arabic<\/em><\/strong><\/p>\n<p align=\"center\">\u062a\u0624\u0643\u062f \u0645\u062f\u0627\u0631\u0633 \u062f\u064a\u0631\u0628\u0648\u0631\u0646 \u0639\u0644\u0649 \u062a\u0648\u0641\u064a\u0631 \u062e\u062f\u0645\u0627\u062a \u0627\u0644\u062a\u0631\u062c\u0645\u0629 \u0628\u062f\u0648\u0646 \u0623\u064a \u0634\u0631\u0637.\u0644\u0644\u062d\u0635\u0648\u0644 \u0639\u0644\u0649 \u0647\u0630\u0647 \u0627\u0644\u062e\u062f\u0645\u0629 \u0627\u0644\u0645\u062c\u0627\u0646\u064a\u0651\u0629 \u0648\u0644\u0641\u0647\u0645 \u0647\u0630\u0647 \u0627\u0644\u0625\u0633\u062a\u0645\u0627\u0631\u0629\u00a0 \u064a\u0631\u062c\u0649 \u0627\u0644\u0625\u062a\u0635\u0627\u0644 \u0628\u0645\u0643\u062a\u0628 \u062e\u062f\u0645\u0627\u062a \u0627\u0644\u0637\u0644\u0627\u0628 \u0639\u0644\u0649 \u0627\u0644\u0631\u0642\u0645 3005-827.<\/p>\n<p align=\"center\"><strong><em>French<\/em><\/strong><\/p>\n<p align=\"center\"><strong>Les \u00e9coles de Dearborn vous offrent le service de traduction sans aucune condition. Si vous souhaitez avoir le service gratuit pour comprendre le contenu de ce document, pri\u00e8re d&#8217;appeler le bureau de Services aux \u00c9tudiants 827-3005.<\/strong><\/p>\n<p align=\"center\"><strong><em>Spanish<\/em><\/strong><\/p>\n<p align=\"center\"><strong>Las escuelas de Dearborn<\/strong><strong> aceptan la afirmaci\u00f3n de un padre que \u00e9l o ella necesita ayuda con el idioma sin necesidad de corroboraci\u00f3n adicional. Para obtener ayuda gratuita con la comprensi\u00f3n del contenido de este documento, por favor llame a la oficina de Servicios de los Estudiantes 827-3005 para recibir asistencia de traducci\u00f3n \/ interpretaci\u00f3n.<\/strong><\/p>\n<p align=\"center\"><strong><em>Italian<\/em><\/strong><\/p>\n<p align=\"center\"><strong>Scuole<\/strong><strong> Dearborn accettare l&#8217;affermazione di un genitore che lui o lei ha bisogno di assistenza lingua senza bisogno di ulteriori conferme. Per aiuto con la comprensione del contenuto di questo documento, si prega di chiamare l&#8217;ufficio Student Services 827-3005 per la traduzione \/ interpretazione di assistenza.<\/strong><\/p>\n<p align=\"center\"><strong><em>Albanian<\/em><\/strong><\/p>\n<p align=\"center\"><strong>Shkolla<\/strong><strong> DEARBORN pranojn\u00eb pohimin e t\u00eb prind\u00ebrve q\u00eb ai ose ajo ka nevoj\u00eb p\u00ebr ndihm\u00eb t\u00eb gjuh\u00ebs pa k\u00ebrkuar v\u00ebrtetim shtes\u00eb. P\u00ebr ndihm\u00eb lir\u00eb me kuptuar p\u00ebrmbajtjen e k\u00ebtij dokumenti, ju lutemi telefononi zyr\u00ebn e sh\u00ebrbimeve p\u00ebr student\u00eb 827-3005 p\u00ebr p\u00ebrkthim \/ interpretim ndihm\u00eb.<\/strong><\/p>\n<p align=\"center\"><strong><em>Romanian<\/em><\/strong><\/p>\n<p align=\"center\"><b>Scolile orasului Dearborn accepta orice declaratie parinteasca care atesta nevoia copilul de asistenta\u00a0cu limba engleza fara nici o dovada suplimentara. Daca aveti nevoie sa intelegeti acest document da-ti telefon la oficiul serviciilor scolare la numarul 827-3005 pentru a primi asistenta cu translatia sau interpretarea lui.<\/b><\/p>\n<p align=\"center\"><strong><em>Urdu<\/em><\/strong><\/p>\n<p align=\"center\">\u0688\u06cc\u0626\u0631 \u0628\u0648\u0631\u0646 \u0627\u0633\u06a9\u0648\u0644\u0648\u06ba \u0645\u06cc\u06ba \u0648\u0627\u0644\u062f\u06cc\u0646 \u06a9\u0627 \u062f\u0639\u0648\u06cc \u06c1\u06d2 \u06a9\u06c1 \u0648\u06c1 \u06cc\u0627 \u0648\u06c1 \u0627\u0636\u0627\u0641\u06cc \u062a\u0639\u0627\u0648\u0646 \u06a9\u06cc \u0636\u0631\u0648\u0631\u062a \u06c1\u0648\u062a\u06cc \u06c1\u06d2 \u0628\u063a\u06cc\u0631 \u0632\u0628\u0627\u0646 \u0627\u0645\u062f\u0627\u062f \u06a9\u06cc \u0636\u0631\u0648\u0631\u062a \u06c1\u06d2 \u06a9\u0648 \u0642\u0628\u0648\u0644 \u06a9\u0631\u062a\u06d2 \u06c1\u06cc\u06ba.\u0627\u0633 \u062f\u0633\u062a\u0627\u0648\u06cc\u0632 \u06a9\u06d2 \u0645\u0648\u0627\u062f \u06a9\u0648 \u0633\u0645\u062c\u06be\u0646\u06d2 \u06a9\u06d2 \u0633\u0627\u062a\u06be \u0645\u0641\u062a \u0645\u06cc\u06ba \u0645\u062f\u062f \u06a9\u06d2 \u0644\u0626\u06d2\u060c \u0628\u0631\u0627\u06c1 \u0645\u06c1\u0631\u0628\u0627\u0646\u06cc \u0645\u062f\u062f \u062a\u0631\u062c\u0645\u06c1 \/ \u062a\u0634\u0631\u06cc\u062d \u06a9\u06d2 \u0644\u0626\u06d2 \u0637\u0627\u0644\u0628 \u0639\u0644\u0645 \u06a9\u06cc \u062e\u062f\u0645\u0627\u062a \u06a9\u06d2 \u062f\u0641\u062a\u0631 \u06a9\u0648 \u06a9\u0627\u0644 \u06a9\u0631\u06cc\u06ba \u00a03005-827.<\/p>\n<\/div>\n","protected":false},"excerpt":{"rendered":"<p>Welcome to Mrs. Katie Keebler&#8217;s 3rd Grade Blog Click here to email me keeblek@dearbornschools.org. I love teaching and I have been doing it for many years now.\u00a0 I have been teaching since 1991.\u00a0 I have worked in many different schools and I have taught all grade levels from preschool to 5th grade.\u00a0\u00a0I have taught in [&hellip;]<\/p>\n","protected":false},"author":36,"featured_media":0,"parent":0,"menu_order":0,"comment_status":"open","ping_status":"closed","template":"","meta":{"footnotes":""},"class_list":["post-22","page","type-page","status-publish","hentry"],"_links":{"self":[{"href":"https:\/\/iblog.dearbornschools.org\/keebler\/wp-json\/wp\/v2\/pages\/22","targetHints":{"allow":["GET"]}}],"collection":[{"href":"https:\/\/iblog.dearbornschools.org\/keebler\/wp-json\/wp\/v2\/pages"}],"about":[{"href":"https:\/\/iblog.dearbornschools.org\/keebler\/wp-json\/wp\/v2\/types\/page"}],"author":[{"embeddable":true,"href":"https:\/\/iblog.dearbornschools.org\/keebler\/wp-json\/wp\/v2\/users\/36"}],"replies":[{"embeddable":true,"href":"https:\/\/iblog.dearbornschools.org\/keebler\/wp-json\/wp\/v2\/comments?post=22"}],"version-history":[{"count":2,"href":"https:\/\/iblog.dearbornschools.org\/keebler\/wp-json\/wp\/v2\/pages\/22\/revisions"}],"predecessor-version":[{"id":7903,"href":"https:\/\/iblog.dearbornschools.org\/keebler\/wp-json\/wp\/v2\/pages\/22\/revisions\/7903"}],"wp:attachment":[{"href":"https:\/\/iblog.dearbornschools.org\/keebler\/wp-json\/wp\/v2\/media?parent=22"}],"curies":[{"name":"wp","href":"https:\/\/api.w.org\/{rel}","templated":true}]}}