{"id":381,"date":"2018-03-06T16:54:10","date_gmt":"2018-03-06T21:54:10","guid":{"rendered":"http:\/\/iblog.dearbornschools.org\/cassidn\/?page_id=381"},"modified":"2018-03-14T16:08:02","modified_gmt":"2018-03-14T20:08:02","slug":"adv-photography","status":"publish","type":"page","link":"https:\/\/iblog.dearbornschools.org\/cassidn\/adv-photography\/","title":{"rendered":"Adv. Photography"},"content":{"rendered":"<p><b>ADVANCED PHOTOGRAPHY<\/b><\/p>\n<p><b>Course Objectives:<\/b><\/p>\n<p>&nbsp;<\/p>\n<p>Upon Completion of this course, students will:<\/p>\n<p>-Refine and improved basic techniques of image exposure,<\/p>\n<p>-Proficiency with and command of Adobe Photoshop and Lightroom<\/p>\n<p>-Master Image compositing and manipulation<\/p>\n<p>-Understand how to use a flash and studio lighting techniques to control and manipulate artificial light<\/p>\n<p>-Apply vocabulary and techniques of selected alternative processes Identify, describe and analyze photographers, styles and genres<\/p>\n<p>-Understand the relationships between multiple images and sequencing of images<\/p>\n<p>-Develop knowledge of various forms of image presentation and understand the impact presentation can have on the meaning of images<\/p>\n<p>-Organize selected images into a final artistic creation in conjunction with a reflective critique process in which the student is able to synthesize his\/her conceptual idea, decision-making and final output.<\/p>\n<p>-Create a cohesive body of exhibition quality work that collectively explores an idea or concept and be able to explain the significance of subject, form, presentation and meaning of student\u2019s own work and the work of others.<\/p>\n<p>&nbsp;<\/p>\n<p><b>Sample Assignments<\/b><\/p>\n<p>Creative compositions<\/p>\n<p>Photo Series<\/p>\n<p>Mirror Image<\/p>\n<p>External Flash Techniques:<\/p>\n<p>Portraiture (both strobes, on-location, environmental)<\/p>\n<p>Location Lighting<\/p>\n<p>Beauty Retouching<\/p>\n<p>Advertising Photography using strobes or on location<\/p>\n<p>Self Portrait Exploration<\/p>\n<p>Day in the Life of Me Photo Essay<\/p>\n<p>Advanced Painting with light techniques<\/p>\n<p>Theme based photo series<\/p>\n<p>Social Documentary<\/p>\n<p>Action and Motion techniques<\/p>\n<p>Landscape and Nature Photography<\/p>\n<p>Personal and class photography Exhibit<\/p>\n<p>&nbsp;<\/p>\n<p>Parent Signature:_________________________________________Date:______________<\/p>\n<p>&nbsp;<\/p>\n<p>Student Signature:________________________________________Date:____________<\/p>\n<p>Dearborn Public Schools accept a parent\u2019s assertion that he or she needs language assistance<br \/>\nwithout requiring additional corroboration. For free help with understanding the content of this<br \/>\ndocument, please call<br \/>\nthe Student Services office 827-3005 for translation\/interpretation assistance.<br \/>\n. \u064a\u0629 \u0648\u0644\u0641\u0647\u0645 \u0647\u0630\u0647 \u0627\u0644\u0633\u062a\u0645\u0627\u0631\u0629 \u064a\u0631\u062c\u0649 \u0627\u0644\u062a\u0635\u0627\u0644 \u0628\u0645\u0643\u062a\u0628 \u062e\u062f\u0645\u0627\u062a :Arabic<br \/>\n\u064a<br \/>\n\u062a\u0624\u0643\u062f \u0645\u062f\u0627\u0631\u0633 \u062f\u064a\u0631\u0628\u0648\u0631\u0646 \u0639\u0644\u0649 \u062a\u0648\u0641\u064a\u0631 \u062e\u062f\u0645\u0627\u062a \u0627\u0644\u062a\u0631\u062c\u0645\u0629 \u0628\u062f\u0648\u0646 \u0623\u064a \u0634\u0631\u0637 \u0644\u0644\u062d\u0635\u0648\u0644 \u0639\u0644\u0649 \u0647\u0630\u0647 \u0627\u0644\u062e\u062f\u0645\u0629 \u0627\u0644\u0645\u062c\u0627\u0646<br \/>\n827-3005: \u0627\u0644\u0631\u0642\u0645 \u0639\u0644 \u0627\u0644\u0637\u0644\u0628French : Les \u00e9coles de Dearborn vous offrent le service de traduction sans<br \/>\naucune condition. Si vous souhaitez avoir le service gratuit pour comprendre le contenu de ce<br \/>\ndocument, pri\u00e8re d&#8217;appeler le bureau de Services aux Etudiants 827-3005. Spanish: Las<br \/>\nescuelas de Dearborn aceptan la afirmaci\u00f3n de un padre que \u00e9l o ella necesita ayuda con el<br \/>\nidioma sin necesidad de corroboraci\u00f3n adicional. Para obtener ayuda gratuita con la<br \/>\ncomprensi\u00f3n del contenido de este documento, por favor llame a la oficina de Servicios de los<br \/>\nEstudiantes 827-3005 para recibir asistencia de traducci\u00f3n \/ interpretaci\u00f3n. Italian: Scuole<br \/>\nDearborn accettare l&#8217;affermazione di un genitore che lui o lei ha bisogno di assistenza lingua<br \/>\nsenza bisogno di ulteriori conferme. Per aiuto con la comprensione del contenuto di questo<br \/>\ndocumento, si prega di chiamare l&#8217;ufficio Student Services 827-3005 per la traduzione \/<br \/>\ninterpretazione di assistenza. Albanian: Shkolla DEARBORN pranojn\u00eb pohimin e t\u00eb prind\u00ebrve<br \/>\nq\u00eb ai ose ajo ka nevoj\u00eb p\u00ebr ndihm\u00eb t\u00eb gjuh\u00ebs pa k\u00ebrkuar v\u00ebrtetim shtes\u00eb. P\u00ebr ndihm\u00eb lir\u00eb me<br \/>\nkuptuar p\u00ebrmbajtjen e k\u00ebtij dokumenti, ju lutemi telefononi zyr\u00ebn e sh\u00ebrbimeve p\u00ebr student\u00eb<br \/>\n827-3005 p\u00ebr p\u00ebrkthim \/ interpretim ndihm\u00eb. Romanian: Scolile orasului Dearborn accepta<br \/>\norice declaratie parinteasca care atesta nevoia copilul de assistenta cu limba engleza fara nici<br \/>\no dovada suplimentara. Daca aveti nevoie sa intelegeti acest document da-ti telefon la oficiul<br \/>\nserviciilor scolare la numarul 827-3005 pentru a primi asistenta cu translatia sau interpretarea<br \/>\n\u0688\u06cc\u0626\u0631 \u0628\u0648\u0631\u0646 . \u0627\u0633\u06a9\u0648\u0644\u0648\u06ba \u0645\u06cc\u06ba \u0648\u0627\u0644\u062f\u06cc\u0646 \u06a9\u0627 \u062f\u0639\u0648\u06cc \u06c1\u06d2 \u06a9\u06c1 \u0648\u06c1 \u06cc\u0627 \u0648\u06c1 \u0627\u0636\u0627\u0641\u06cc \u062a\u0639\u0627\u0648\u0646 \u06a9\u06cc \u0636\u0631\u0648\u0631\u062a \u06c1\u0648\u062a\u06cc \u06c1\u06d2 \u0628\u063a\u06cc\u0631 \u0632\u0628\u0627\u0646 \u0627\u0645\u062f\u0627\u062f \u06a9\u06cc \u0636\u0631\u0648\u0631\u062a \u06c1\u06d2 \u06a9\u0648 \u0642\u0628\u0648\u0644 \u06a9\u0631\u062a\u06d2 \u06c1\u06cc\u06ba \u0627\u0633 :Urdu. lui<br \/>\n\/ \u062f\u0633\u062a\u0627\u0648\u06cc\u0632 \u06a9\u06d2 \u0645\u0648\u0627\u062f \u06a9\u0648 \u0633\u0645\u062c\u06be\u0646\u06d2 \u06a9\u06d2 \u0633\u0627\u062a\u06be \u0645\u0641\u062a \u0645\u06cc\u06ba \u0645\u062f\u062f \u06a9\u06d2 \u0644\u0626\u06d2\u060c \u0628\u0631\u0627\u06c1 \u0645\u06c1\u0631\u0628\u0627\u0646\u06cc \u0645\u062f\u062f \u062a\u0631\u062c\u0645\u06c1 \u062a\u0634\u0631\u06cc\u062d \u06a9\u06d2 \u0644\u0626\u06d2 \u0637\u0627\u0644\u0628 \u0639\u0644\u0645 \u06a9\u06cc \u062e\u062f\u0645\u0627\u062a \u06a9\u06d2 \u062f\u0641\u062a\u0631 \u06a9\u0648 \u06a9\u0627\u0644 \u06a9\u0631\u06cc\u06ba3005-<br \/>\n827.<\/p>\n","protected":false},"excerpt":{"rendered":"<p>ADVANCED PHOTOGRAPHY Course Objectives: &nbsp; Upon Completion of this course, students will: -Refine and improved basic techniques of image exposure, -Proficiency with and command of Adobe Photoshop and Lightroom -Master Image compositing and manipulation -Understand how to use a flash and studio lighting techniques to control and manipulate artificial light -Apply vocabulary and techniques of [&hellip;]<\/p>\n","protected":false},"author":1551,"featured_media":0,"parent":0,"menu_order":0,"comment_status":"closed","ping_status":"closed","template":"","meta":{"footnotes":""},"class_list":["post-381","page","type-page","status-publish","hentry"],"_links":{"self":[{"href":"https:\/\/iblog.dearbornschools.org\/cassidn\/wp-json\/wp\/v2\/pages\/381","targetHints":{"allow":["GET"]}}],"collection":[{"href":"https:\/\/iblog.dearbornschools.org\/cassidn\/wp-json\/wp\/v2\/pages"}],"about":[{"href":"https:\/\/iblog.dearbornschools.org\/cassidn\/wp-json\/wp\/v2\/types\/page"}],"author":[{"embeddable":true,"href":"https:\/\/iblog.dearbornschools.org\/cassidn\/wp-json\/wp\/v2\/users\/1551"}],"replies":[{"embeddable":true,"href":"https:\/\/iblog.dearbornschools.org\/cassidn\/wp-json\/wp\/v2\/comments?post=381"}],"version-history":[{"count":0,"href":"https:\/\/iblog.dearbornschools.org\/cassidn\/wp-json\/wp\/v2\/pages\/381\/revisions"}],"wp:attachment":[{"href":"https:\/\/iblog.dearbornschools.org\/cassidn\/wp-json\/wp\/v2\/media?parent=381"}],"curies":[{"name":"wp","href":"https:\/\/api.w.org\/{rel}","templated":true}]}}