{"id":347,"date":"2018-01-29T16:20:46","date_gmt":"2018-01-29T21:20:46","guid":{"rendered":"http:\/\/iblog.dearbornschools.org\/cassidn\/?page_id=347"},"modified":"2018-03-14T16:07:12","modified_gmt":"2018-03-14T20:07:12","slug":"advanced-painting-and-drawing","status":"publish","type":"page","link":"https:\/\/iblog.dearbornschools.org\/cassidn\/advanced-painting-and-drawing\/","title":{"rendered":"Advanced Painting and Drawing"},"content":{"rendered":"<p style=\"text-align: center;\"><b>$5.00 Materials Fee Due <\/b><\/p>\n<p>&nbsp;<\/p>\n<p><b>Course Syllabus<\/b><\/p>\n<p><span style=\"font-weight: 400;\">This course is intended to enhance student\u2019s abilities in drawing and painting through experimentation in a variety of media. Students will be encouraged to develop their own personal creative vision, while working on refining their artistic skills through traditional studies. Students deal with life drawing and painting in various media. Students also deal with conceptual ideas in art and learn to advance their own problem solving abilities. Students are in self critiques, as well as class critiques. Each student keeps a portfolio of their work. This class is an in depth studio art experience.<\/span><\/p>\n<p>&nbsp;<\/p>\n<p><span style=\"font-weight: 400;\">Students\u2019 experience will include some of the following: pencil, marker, pen and ink, chalk pastels, oil pastels, charcoals, scratchboards, watercolors, acrylics, tempera, and mixed media. The class setting is similar to an art college studio class.<\/span><\/p>\n<p><span style=\"font-weight: 400;\"><br \/>\n<\/span><b><i>Prerequisite:<\/i><\/b><\/p>\n<p><span style=\"font-weight: 400;\">Introduction to 2D, Drawing, and Painting.<\/span><\/p>\n<p><span style=\"font-weight: 400;\"><br \/>\n<\/span><b><i>Course Rationale: <\/i><\/b><\/p>\n<p><span style=\"font-weight: 400;\">This course will enable students to apply their creative skills with a variety of media in developing original and conceptual works of art at an advanced technical level.<\/span><\/p>\n<p><span style=\"font-weight: 400;\"><br \/>\n<\/span><b>Adv. Drawing and Painting Class Objectives:<\/b><span style=\"font-weight: 400;\"><br \/>\n<\/span><span style=\"font-weight: 400;\">\u25cf The student will be able to create artwork that requires them to select subject matter to communicate personal ideas through a series of original, related works.<\/span><span style=\"font-weight: 400;\"><br \/>\n<\/span><span style=\"font-weight: 400;\">\u25cf The student will successfully demonstrate the basic steps to final production, preliminary sketches, and examine ideas visually\/verbally.<\/span><span style=\"font-weight: 400;\"><br \/>\n<\/span><span style=\"font-weight: 400;\">\u25cf The student will participate in self \u00adcritiques, as well as class critiques.<\/span><span style=\"font-weight: 400;\"><br \/>\n<\/span><span style=\"font-weight: 400;\">\u25cf The student will apply creative skills in developing original\/conceptual works of art at an advanced technical level.<\/span><\/p>\n<p><span style=\"font-weight: 400;\"><br \/>\n<\/span><b>Daily Expectations:<\/b><b><br \/>\n<\/b><span style=\"font-weight: 400;\">The rules and expectations for my class include all school wide rules and the following:<\/span><span style=\"font-weight: 400;\"><br \/>\n<\/span><span style=\"font-weight: 400;\">1. Be on time every day ready to work.<\/span><span style=\"font-weight: 400;\"><br \/>\n<\/span><span style=\"font-weight: 400;\">2. Be prepared with your sketchbook, pencil, pen and any other supplies needed.<\/span><span style=\"font-weight: 400;\"><br \/>\n<\/span><span style=\"font-weight: 400;\">3. Be focused on the project the entire hour.<\/span><span style=\"font-weight: 400;\"><br \/>\n<\/span><span style=\"font-weight: 400;\">4. Be responsible for your own materials and artwork. Always clean up after yourself.<\/span><span style=\"font-weight: 400;\"><br \/>\n<\/span><span style=\"font-weight: 400;\">5. Be respectful of others, yourself, and any adults in the room. This includes the classroom, projects, materials, opinions, and ideas.<\/span><\/p>\n<p><span style=\"font-weight: 400;\"><br \/>\n<\/span><b><i>Attendance: <\/i><\/b><\/p>\n<p><span style=\"font-weight: 400;\">Good attendance is vital to success in all studio art classes as assignments are done during class time. Major projects do not easily transport home during the creative process for makeup work. This requires missing work time to be made up after school. Please make every effort to be in attendance and focused everyday.<\/span><\/p>\n<p><span style=\"font-weight: 400;\"><br \/>\n<\/span><b><i>Supplies: <\/i><\/b><\/p>\n<p><span style=\"font-weight: 400;\">Typical drawing and painting supplies are provided. Students are expected to bring a pencil and sketchbook to class daily (Sketchbooks should not be larger than \u00a09x12in size and can be used from previous art classes. They can be purchased at stores such as Walmart, Target, Michael\u2019s etc.)<\/span><\/p>\n<p><span style=\"font-weight: 400;\"><br \/>\n<\/span><span style=\"font-weight: 400;\">Care of the Studio space and supplies is an expectation of the students within the class. <\/span><\/p>\n<p>&nbsp;<\/p>\n<p><b>Supplies students may choose to purchase for their personal use <\/b><b>but are not require<\/b><b>d: <\/b><\/p>\n<p><span style=\"font-weight: 400;\">Prismacolor pencil (24 or 48 set), vinyl eraser, fine and extra fine black sharpie.<\/span><\/p>\n<p>&nbsp;<\/p>\n<p><span style=\"font-weight: 400;\">Parent Signature:_________________________________________Date:______________<\/span><\/p>\n<p>&nbsp;<\/p>\n<p><span style=\"font-weight: 400;\">Student Signature:________________________________________Date:____________<\/span><\/p>\n<p>Dearborn Public Schools accept a parent\u2019s assertion that he or she needs language assistance<br \/>\nwithout requiring additional corroboration. For free help with understanding the content of this<br \/>\ndocument, please call<br \/>\nthe Student Services office 827-3005 for translation\/interpretation assistance.<br \/>\n. \u064a\u0629 \u0648\u0644\u0641\u0647\u0645 \u0647\u0630\u0647 \u0627\u0644\u0633\u062a\u0645\u0627\u0631\u0629 \u064a\u0631\u062c\u0649 \u0627\u0644\u062a\u0635\u0627\u0644 \u0628\u0645\u0643\u062a\u0628 \u062e\u062f\u0645\u0627\u062a :Arabic<br \/>\n\u064a<br \/>\n\u062a\u0624\u0643\u062f \u0645\u062f\u0627\u0631\u0633 \u062f\u064a\u0631\u0628\u0648\u0631\u0646 \u0639\u0644\u0649 \u062a\u0648\u0641\u064a\u0631 \u062e\u062f\u0645\u0627\u062a \u0627\u0644\u062a\u0631\u062c\u0645\u0629 \u0628\u062f\u0648\u0646 \u0623\u064a \u0634\u0631\u0637 \u0644\u0644\u062d\u0635\u0648\u0644 \u0639\u0644\u0649 \u0647\u0630\u0647 \u0627\u0644\u062e\u062f\u0645\u0629 \u0627\u0644\u0645\u062c\u0627\u0646<br \/>\n827-3005: \u0627\u0644\u0631\u0642\u0645 \u0639\u0644 \u0627\u0644\u0637\u0644\u0628French : Les \u00e9coles de Dearborn vous offrent le service de traduction sans<br \/>\naucune condition. Si vous souhaitez avoir le service gratuit pour comprendre le contenu de ce<br \/>\ndocument, pri\u00e8re d&#8217;appeler le bureau de Services aux Etudiants 827-3005. Spanish: Las<br \/>\nescuelas de Dearborn aceptan la afirmaci\u00f3n de un padre que \u00e9l o ella necesita ayuda con el<br \/>\nidioma sin necesidad de corroboraci\u00f3n adicional. Para obtener ayuda gratuita con la<br \/>\ncomprensi\u00f3n del contenido de este documento, por favor llame a la oficina de Servicios de los<br \/>\nEstudiantes 827-3005 para recibir asistencia de traducci\u00f3n \/ interpretaci\u00f3n. Italian: Scuole<br \/>\nDearborn accettare l&#8217;affermazione di un genitore che lui o lei ha bisogno di assistenza lingua<br \/>\nsenza bisogno di ulteriori conferme. Per aiuto con la comprensione del contenuto di questo<br \/>\ndocumento, si prega di chiamare l&#8217;ufficio Student Services 827-3005 per la traduzione \/<br \/>\ninterpretazione di assistenza. Albanian: Shkolla DEARBORN pranojn\u00eb pohimin e t\u00eb prind\u00ebrve<br \/>\nq\u00eb ai ose ajo ka nevoj\u00eb p\u00ebr ndihm\u00eb t\u00eb gjuh\u00ebs pa k\u00ebrkuar v\u00ebrtetim shtes\u00eb. P\u00ebr ndihm\u00eb lir\u00eb me<br \/>\nkuptuar p\u00ebrmbajtjen e k\u00ebtij dokumenti, ju lutemi telefononi zyr\u00ebn e sh\u00ebrbimeve p\u00ebr student\u00eb<br \/>\n827-3005 p\u00ebr p\u00ebrkthim \/ interpretim ndihm\u00eb. Romanian: Scolile orasului Dearborn accepta<br \/>\norice declaratie parinteasca care atesta nevoia copilul de assistenta cu limba engleza fara nici<br \/>\no dovada suplimentara. Daca aveti nevoie sa intelegeti acest document da-ti telefon la oficiul<br \/>\nserviciilor scolare la numarul 827-3005 pentru a primi asistenta cu translatia sau interpretarea<br \/>\n\u0688\u06cc\u0626\u0631 \u0628\u0648\u0631\u0646 . \u0627\u0633\u06a9\u0648\u0644\u0648\u06ba \u0645\u06cc\u06ba \u0648\u0627\u0644\u062f\u06cc\u0646 \u06a9\u0627 \u062f\u0639\u0648\u06cc \u06c1\u06d2 \u06a9\u06c1 \u0648\u06c1 \u06cc\u0627 \u0648\u06c1 \u0627\u0636\u0627\u0641\u06cc \u062a\u0639\u0627\u0648\u0646 \u06a9\u06cc \u0636\u0631\u0648\u0631\u062a \u06c1\u0648\u062a\u06cc \u06c1\u06d2 \u0628\u063a\u06cc\u0631 \u0632\u0628\u0627\u0646 \u0627\u0645\u062f\u0627\u062f \u06a9\u06cc \u0636\u0631\u0648\u0631\u062a \u06c1\u06d2 \u06a9\u0648 \u0642\u0628\u0648\u0644 \u06a9\u0631\u062a\u06d2 \u06c1\u06cc\u06ba \u0627\u0633 :Urdu. lui<br \/>\n\/ \u062f\u0633\u062a\u0627\u0648\u06cc\u0632 \u06a9\u06d2 \u0645\u0648\u0627\u062f \u06a9\u0648 \u0633\u0645\u062c\u06be\u0646\u06d2 \u06a9\u06d2 \u0633\u0627\u062a\u06be \u0645\u0641\u062a \u0645\u06cc\u06ba \u0645\u062f\u062f \u06a9\u06d2 \u0644\u0626\u06d2\u060c \u0628\u0631\u0627\u06c1 \u0645\u06c1\u0631\u0628\u0627\u0646\u06cc \u0645\u062f\u062f \u062a\u0631\u062c\u0645\u06c1 \u062a\u0634\u0631\u06cc\u062d \u06a9\u06d2 \u0644\u0626\u06d2 \u0637\u0627\u0644\u0628 \u0639\u0644\u0645 \u06a9\u06cc \u062e\u062f\u0645\u0627\u062a \u06a9\u06d2 \u062f\u0641\u062a\u0631 \u06a9\u0648 \u06a9\u0627\u0644 \u06a9\u0631\u06cc\u06ba3005-<br \/>\n827.<\/p>\n","protected":false},"excerpt":{"rendered":"<p>$5.00 Materials Fee Due &nbsp; Course Syllabus This course is intended to enhance student\u2019s abilities in drawing and painting through experimentation in a variety of media. Students will be encouraged to develop their own personal creative vision, while working on refining their artistic skills through traditional studies. Students deal with life drawing and painting in [&hellip;]<\/p>\n","protected":false},"author":1551,"featured_media":112,"parent":0,"menu_order":0,"comment_status":"closed","ping_status":"closed","template":"","meta":{"footnotes":""},"class_list":["post-347","page","type-page","status-publish","has-post-thumbnail","hentry"],"_links":{"self":[{"href":"https:\/\/iblog.dearbornschools.org\/cassidn\/wp-json\/wp\/v2\/pages\/347","targetHints":{"allow":["GET"]}}],"collection":[{"href":"https:\/\/iblog.dearbornschools.org\/cassidn\/wp-json\/wp\/v2\/pages"}],"about":[{"href":"https:\/\/iblog.dearbornschools.org\/cassidn\/wp-json\/wp\/v2\/types\/page"}],"author":[{"embeddable":true,"href":"https:\/\/iblog.dearbornschools.org\/cassidn\/wp-json\/wp\/v2\/users\/1551"}],"replies":[{"embeddable":true,"href":"https:\/\/iblog.dearbornschools.org\/cassidn\/wp-json\/wp\/v2\/comments?post=347"}],"version-history":[{"count":0,"href":"https:\/\/iblog.dearbornschools.org\/cassidn\/wp-json\/wp\/v2\/pages\/347\/revisions"}],"wp:featuredmedia":[{"embeddable":true,"href":"https:\/\/iblog.dearbornschools.org\/cassidn\/wp-json\/wp\/v2\/media\/112"}],"wp:attachment":[{"href":"https:\/\/iblog.dearbornschools.org\/cassidn\/wp-json\/wp\/v2\/media?parent=347"}],"curies":[{"name":"wp","href":"https:\/\/api.w.org\/{rel}","templated":true}]}}