{"id":143,"date":"2016-08-31T13:08:47","date_gmt":"2016-08-31T17:08:47","guid":{"rendered":"http:\/\/iblog.dearbornschools.org\/cassidn\/?page_id=143"},"modified":"2018-03-14T16:06:46","modified_gmt":"2018-03-14T20:06:46","slug":"introduction-to-2-dimensional-art","status":"publish","type":"page","link":"https:\/\/iblog.dearbornschools.org\/cassidn\/class-info\/introduction-to-2-dimensional-art\/","title":{"rendered":"Introduction to 2 Dimensional Art"},"content":{"rendered":"<p style=\"text-align: center;\"><b>INTRODUCTION: \u00a0TWO DIMENSIONAL DESIGN<\/b><\/p>\n<p>Students will be introduced to a variety of basic techniques in both 2D \u00a0art. The study of elements and principles of art will be a basic component of this course. Students will be involved in creating art, exploring art history, making judgments through art criticism and developing their own sense of aesthetics.<\/p>\n<p><b>COURSE OBJECTIVES<\/b><\/p>\n<ol>\n<li style=\"font-weight: 400;\"><span style=\"font-weight: 400;\">Develop an understanding of how artists organize elements of design according to formal principles of design to create expressive qualities in their composition.<\/span><\/li>\n<li style=\"font-weight: 400;\"><span style=\"font-weight: 400;\">Students will compare, contrast, analyze and interpret images created by artists, and observe the natural and man-made environment as a frame of reference for making art.<\/span><\/li>\n<li style=\"font-weight: 400;\"><span style=\"font-weight: 400;\">Develop observational skills necessary for drawing three dimensional objects.<\/span><\/li>\n<li style=\"font-weight: 400;\"><span style=\"font-weight: 400;\">Develop drawing to convert three dimensional objects to two dimensional planes.<\/span><\/li>\n<li style=\"font-weight: 400;\"><span style=\"font-weight: 400;\">Develop understanding of the formal elements and principles of design.<\/span><\/li>\n<li style=\"font-weight: 400;\"><span style=\"font-weight: 400;\">Use a variety of art processes through the course of the semester.<\/span><\/li>\n<li style=\"font-weight: 400;\"><span style=\"font-weight: 400;\">Use art history as a reference for personal work.<\/span><\/li>\n<li style=\"font-weight: 400;\"><span style=\"font-weight: 400;\">Plan out ideas through the use of thumbnail sketches.<\/span><\/li>\n<li style=\"font-weight: 400;\"><span style=\"font-weight: 400;\">Students will describe and evaluate components of artwork based on personal judgments and interpret artist\u2019s intention and meaning of work.<\/span><\/li>\n<\/ol>\n<p><b>DRAWING, REVIEW<\/b><\/p>\n<p><span style=\"font-weight: 400;\">Focus:<\/span> <span style=\"font-weight: 400;\">Basic elements and spatial characteristics of the elements\u00a0<\/span><span style=\"font-weight: 400;\">contour drawing<\/span><\/p>\n<p><span style=\"font-weight: 400;\">Modified contour drawing<\/span><\/p>\n<p><span style=\"font-weight: 400;\">Culmination &#8211; Imaginative composition, from observation<\/span><\/p>\n<p><span style=\"font-weight: 400;\">Focus: \u00a0Basic principles of design, composition, value and line quality, accurate observation<\/span><\/p>\n<p><b>TWO DIMENSIONAL DESIGN, BLACK \/ WHITE<\/b><\/p>\n<p><span style=\"font-weight: 400;\">Positive\/Negative space relationships<\/span><\/p>\n<p><b>REVIEW THREE ASPECTS OF COLOR <\/b><\/p>\n<p><span style=\"font-weight: 400;\">HueHue, Value, Intensity<\/span><\/p>\n<p><b>PAINTING, WATERCOLOR<\/b><\/p>\n<p style=\"text-align: justify;\"><span style=\"font-weight: 400;\">Use hue, value, intensity in a painting<\/span><\/p>\n<p style=\"text-align: justify;\"><span style=\"font-weight: 400;\">Use particular color schemes<\/span><\/p>\n<p style=\"text-align: justify;\"><span style=\"font-weight: 400;\">Concentrate on quality of brush stroke<\/span><\/p>\n<p style=\"text-align: justify;\"><span style=\"font-weight: 400;\">Laying washes \u2013 Flat wash, gradated wash, and backruns<\/span><\/p>\n<p style=\"text-align: justify;\"><span style=\"font-weight: 400;\">Brush techniques \u2013 Dry brush and scumbling<\/span><\/p>\n<p><b>PERSPECTIVE<\/b><\/p>\n<p><span style=\"font-weight: 400;\">Create illusion of space and form<\/span><span style=\"font-weight: 400;\"><br \/>\n<\/span> <span style=\"font-weight: 400;\">Parallel and two point perspective<\/span><span style=\"font-weight: 400;\"><br \/>\n<\/span> <span style=\"font-weight: 400;\">Sighting perspective without using vanishing points<\/span><\/p>\n<p><b>LANDSCAPE PAINTING<\/b><\/p>\n<p><span style=\"font-weight: 400;\">Focus: Color, texture, aerial perspective, and illusion of space<\/span><\/p>\n<p><b>PEN AND INK CONTOUR DRAWING<\/b><\/p>\n<p><span style=\"font-weight: 400;\">Detailed observation(s), drawing objects from the natural and man-made environment<\/span><\/p>\n<p><b>PRESENTATION \/ DISPLAY OF ARTWORK<\/b><\/p>\n<p><span style=\"font-weight: 400;\">Students will learn how to mat art work.<\/span><\/p>\n<p><span style=\"font-weight: 400;\">DHS\/Domino<\/span><\/p>\n<p><span style=\"font-weight: 400;\">NC Edit 2016<\/span><\/p>\n<p>Dearborn Public Schools accept a parent\u2019s assertion that he or she needs language assistance<br \/>\nwithout requiring additional corroboration. For free help with understanding the content of this<br \/>\ndocument, please call the Student Services office 827-3005 for translation\/interpretation assistance. . \u064a\u0629 \u0648\u0644\u0641\u0647\u0645 \u0647\u0630\u0647 \u0627\u0644\u0633\u062a\u0645\u0627\u0631\u0629 \u064a\u0631\u062c\u0649 \u0627\u0644\u062a\u0635\u0627\u0644 \u0628\u0645\u0643\u062a\u0628 \u062e\u062f\u0645\u0627\u062a :Arabic<br \/>\n\u064a<br \/>\n\u062a\u0624\u0643\u062f \u0645\u062f\u0627\u0631\u0633 \u062f\u064a\u0631\u0628\u0648\u0631\u0646 \u0639\u0644\u0649 \u062a\u0648\u0641\u064a\u0631 \u062e\u062f\u0645\u0627\u062a \u0627\u0644\u062a\u0631\u062c\u0645\u0629 \u0628\u062f\u0648\u0646 \u0623\u064a \u0634\u0631\u0637 \u0644\u0644\u062d\u0635\u0648\u0644 \u0639\u0644\u0649 \u0647\u0630\u0647 \u0627\u0644\u062e\u062f\u0645\u0629 \u0627\u0644\u0645\u062c\u0627\u0646<br \/>\n827-3005: \u0627\u0644\u0631\u0642\u0645 \u0639\u0644 \u0627\u0644\u0637\u0644\u0628French : Les \u00e9coles de Dearborn vous offrent le service de traduction sans<br \/>\naucune condition. Si vous souhaitez avoir le service gratuit pour comprendre le contenu de ce<br \/>\ndocument, pri\u00e8re d&#8217;appeler le bureau de Services aux Etudiants 827-3005. Spanish: Las<br \/>\nescuelas de Dearborn aceptan la afirmaci\u00f3n de un padre que \u00e9l o ella necesita ayuda con el<br \/>\nidioma sin necesidad de corroboraci\u00f3n adicional. Para obtener ayuda gratuita con la<br \/>\ncomprensi\u00f3n del contenido de este documento, por favor llame a la oficina de Servicios de los<br \/>\nEstudiantes 827-3005 para recibir asistencia de traducci\u00f3n \/ interpretaci\u00f3n. Italian: Scuole<br \/>\nDearborn accettare l&#8217;affermazione di un genitore che lui o lei ha bisogno di assistenza lingua<br \/>\nsenza bisogno di ulteriori conferme. Per aiuto con la comprensione del contenuto di questo<br \/>\ndocumento, si prega di chiamare l&#8217;ufficio Student Services 827-3005 per la traduzione \/<br \/>\ninterpretazione di assistenza. Albanian: Shkolla DEARBORN pranojn\u00eb pohimin e t\u00eb prind\u00ebrve<br \/>\nq\u00eb ai ose ajo ka nevoj\u00eb p\u00ebr ndihm\u00eb t\u00eb gjuh\u00ebs pa k\u00ebrkuar v\u00ebrtetim shtes\u00eb. P\u00ebr ndihm\u00eb lir\u00eb me<br \/>\nkuptuar p\u00ebrmbajtjen e k\u00ebtij dokumenti, ju lutemi telefononi zyr\u00ebn e sh\u00ebrbimeve p\u00ebr student\u00eb<br \/>\n827-3005 p\u00ebr p\u00ebrkthim \/ interpretim ndihm\u00eb. Romanian: Scolile orasului Dearborn accepta<br \/>\norice declaratie parinteasca care atesta nevoia copilul de assistenta cu limba engleza fara nici<br \/>\no dovada suplimentara. Daca aveti nevoie sa intelegeti acest document da-ti telefon la oficiul<br \/>\nserviciilor scolare la numarul 827-3005 pentru a primi asistenta cu translatia sau interpretarea<br \/>\n\u0688\u06cc\u0626\u0631 \u0628\u0648\u0631\u0646 . \u0627\u0633\u06a9\u0648\u0644\u0648\u06ba \u0645\u06cc\u06ba \u0648\u0627\u0644\u062f\u06cc\u0646 \u06a9\u0627 \u062f\u0639\u0648\u06cc \u06c1\u06d2 \u06a9\u06c1 \u0648\u06c1 \u06cc\u0627 \u0648\u06c1 \u0627\u0636\u0627\u0641\u06cc \u062a\u0639\u0627\u0648\u0646 \u06a9\u06cc \u0636\u0631\u0648\u0631\u062a \u06c1\u0648\u062a\u06cc \u06c1\u06d2 \u0628\u063a\u06cc\u0631 \u0632\u0628\u0627\u0646 \u0627\u0645\u062f\u0627\u062f \u06a9\u06cc \u0636\u0631\u0648\u0631\u062a \u06c1\u06d2 \u06a9\u0648 \u0642\u0628\u0648\u0644 \u06a9\u0631\u062a\u06d2 \u06c1\u06cc\u06ba \u0627\u0633 :Urdu. lui<br \/>\n\/ \u062f\u0633\u062a\u0627\u0648\u06cc\u0632 \u06a9\u06d2 \u0645\u0648\u0627\u062f \u06a9\u0648 \u0633\u0645\u062c\u06be\u0646\u06d2 \u06a9\u06d2 \u0633\u0627\u062a\u06be \u0645\u0641\u062a \u0645\u06cc\u06ba \u0645\u062f\u062f \u06a9\u06d2 \u0644\u0626\u06d2\u060c \u0628\u0631\u0627\u06c1 \u0645\u06c1\u0631\u0628\u0627\u0646\u06cc \u0645\u062f\u062f \u062a\u0631\u062c\u0645\u06c1 \u062a\u0634\u0631\u06cc\u062d \u06a9\u06d2 \u0644\u0626\u06d2 \u0637\u0627\u0644\u0628 \u0639\u0644\u0645 \u06a9\u06cc \u062e\u062f\u0645\u0627\u062a \u06a9\u06d2 \u062f\u0641\u062a\u0631 \u06a9\u0648 \u06a9\u0627\u0644 \u06a9\u0631\u06cc\u06ba3005-<br \/>\n827.<\/p>\n","protected":false},"excerpt":{"rendered":"<p>INTRODUCTION: \u00a0TWO DIMENSIONAL DESIGN Students will be introduced to a variety of basic techniques in both 2D \u00a0art. The study of elements and principles of art will be a basic component of this course. Students will be involved in creating art, exploring art history, making judgments through art criticism and developing their own sense of [&hellip;]<\/p>\n","protected":false},"author":1551,"featured_media":271,"parent":22,"menu_order":0,"comment_status":"closed","ping_status":"closed","template":"","meta":{"footnotes":""},"class_list":["post-143","page","type-page","status-publish","has-post-thumbnail","hentry"],"_links":{"self":[{"href":"https:\/\/iblog.dearbornschools.org\/cassidn\/wp-json\/wp\/v2\/pages\/143","targetHints":{"allow":["GET"]}}],"collection":[{"href":"https:\/\/iblog.dearbornschools.org\/cassidn\/wp-json\/wp\/v2\/pages"}],"about":[{"href":"https:\/\/iblog.dearbornschools.org\/cassidn\/wp-json\/wp\/v2\/types\/page"}],"author":[{"embeddable":true,"href":"https:\/\/iblog.dearbornschools.org\/cassidn\/wp-json\/wp\/v2\/users\/1551"}],"replies":[{"embeddable":true,"href":"https:\/\/iblog.dearbornschools.org\/cassidn\/wp-json\/wp\/v2\/comments?post=143"}],"version-history":[{"count":0,"href":"https:\/\/iblog.dearbornschools.org\/cassidn\/wp-json\/wp\/v2\/pages\/143\/revisions"}],"up":[{"embeddable":true,"href":"https:\/\/iblog.dearbornschools.org\/cassidn\/wp-json\/wp\/v2\/pages\/22"}],"wp:featuredmedia":[{"embeddable":true,"href":"https:\/\/iblog.dearbornschools.org\/cassidn\/wp-json\/wp\/v2\/media\/271"}],"wp:attachment":[{"href":"https:\/\/iblog.dearbornschools.org\/cassidn\/wp-json\/wp\/v2\/media?parent=143"}],"curies":[{"name":"wp","href":"https:\/\/api.w.org\/{rel}","templated":true}]}}