{"id":342,"date":"2016-10-05T13:17:05","date_gmt":"2016-10-05T17:17:05","guid":{"rendered":"http:\/\/iblog.dearbornschools.org\/brownm\/?page_id=342"},"modified":"2016-10-05T13:20:39","modified_gmt":"2016-10-05T17:20:39","slug":"parent-letter","status":"publish","type":"page","link":"https:\/\/iblog.dearbornschools.org\/brownm\/parent-letter\/","title":{"rendered":"Parent Letter"},"content":{"rendered":"<p>Dear Parents\/Guardians,<\/p>\n<p>My name is Mr. Brown and I would like to welcome your child to Room 31. The start of the school year holds the promise of new discovery and learning, as well as the prospect of personal growth in all areas. I look forward to an exciting, productive year working with you and your child.<\/p>\n<p>Course Objective: The objective of this course is to help students to improve and excel in math according to the state standards set for Algebra I.<\/p>\n<p>As this course is for achieving high school credit, the students must pass a comprehensive exam at the end of the school year (given in 2 parts, over 2 days).<\/p>\n<p>78% or better will automatically award Algebra I Credit regardless of their grade in the class.<\/p>\n<p>71-77% with a C or better overall in the class will also award Algebra I Credit.<\/p>\n<p>Instructional Objectives: At the end of the school year, the successful student will be able to:<\/p>\n<p>Master advanced math skills according to Algebra I course standards<br \/>\nApply skills and knowledge to real-world situations, assignments, tests, and homework<br \/>\nInstructional Content\/Course Outline: All classes will be working in the following areas:<\/p>\n<p>Solving Equations<br \/>\nSolving Inequalities and Proportions<br \/>\nGraphing and Functions<br \/>\nLinear Equations<br \/>\nSystems of Equations and Inequalities<br \/>\nExponential Functions<br \/>\nPolynomials and Factoring<br \/>\nQuadratic Equations and Functions<br \/>\nGrading Criteria: Students will be graded using the percentage scale below.<\/p>\n<p>100-99 = A+ 98-93 = A 92-90 = A-<\/p>\n<p>89-88 = B+ 87-83 = B 82-80 = B-<\/p>\n<p>79-78 = C+ 77-73 = C 72-70 = C-<\/p>\n<p>69-68 = D+ 67-63 = D 62-60 = D-<\/p>\n<p>59 \u2013 Below = E<\/p>\n<p>Often, homework will be graded on a four-point rubric that includes timeliness, completeness, accuracy, and incorporating the lessons taught prior to the assignment<\/p>\n<p>There are 2 parts to your student\u2019s grade.<\/p>\n<p>Part 1 \u2013 Formative Assessments (Homework and Classwork) Formative Assessments are worth 20% of the grade. Homework will be assigned three to four days a week. It is due at the beginning of each class. Late work must be turned in before the summative assessment for the material covered in order to avoid a grade of \u2018zero\u2019 for each assignment. Missing work due to absences is to be turned in within 3 days of return. Class work is to be turned in no later than the following day unless informed otherwise by Mr. Brown.<\/p>\n<p>Part 2 \u2013 Summative Assessments (Tests and Quizes) Summative assessments are worth 80% of the grade. Summative assessments are to be completed in class during the allotted time given unless it is an \u201cat home\u201d assessment. Any assessments missed due to absence must be made up by making arrangements with Mr. Brown. You have one week, upon returning from an absence, to make up any assessments. Retakes will be given before school only for summative assessments, as long as there are no missing assignments.<\/p>\n<p>If you have any questions or concerns, please contact me by phone (313) 827-2901 or e-mail (brownm@dearbornschools.org) or post a message on my blog.<\/p>\n<p>Sincerely,<\/p>\n<p>Martin Brown<\/p>\n\t\t\t\t<form method=\"post\" class=\"sbe-shortcode-subscribe-form\" id=\"sbe-shortcode-subscribe-form\">\r\n\t\t        \t\r\n\t\t        \t\r\n\t        \t\t\t        \t\t<div aria-hidden=\"true\" class=\"sbe-shortcode-form-field-title\">Email address<\/div><label class=\"sbe-screen-reader-text\" for=\"sbe-widget-label\">Email address<\/label>\r\n\t\t        \t<input type=\"email\" class=\"sbe-shortcode-form-field sbe-shortcode-email-field sbe-form-field\" name=\"subscription-email\" id=\"sbe-widget-label\" placeholder=\"ex: someone@mydomain.com\" value=\"\" required><br\/>\r\n\r\n\t\t        \t\r\n\t\t        \t\t\t\t\t<div class=\"g-recaptcha\" data-sitekey=\"\"><\/div>\r\n\t\t\t\t\r\n\t\t\t        <input type=\"hidden\" id=\"sbe_subscribe_nonce\" name=\"sbe_subscribe_nonce\" value=\"759245c0ac\" \/><input type=\"hidden\" name=\"_wp_http_referer\" value=\"\/brownm\/wp-json\/wp\/v2\/pages\/342\" \/>\t\t        \t<input type=\"hidden\" class=\"sbe-shortcode-form-field sbe-form-field\" name=\"action\" value=\"sbe_shortcode_subscribe_user\">\r\n\t\t        \t<div class=\"sbe-shortcode-form-submit-container\">\r\n\t\t        \t\t<span aria-hidden=\"true\" class=\"sbe-spinner\"><\/span>\r\n\t\t        \t\t<input type=\"submit\" class=\"sbe-shortcode-form-submit\" name=\"submit-subscribe-user\" value=\"Subscribe\">\r\n\t\t        \t<\/div>\r\n\r\n\t\t\t\t\t\t\t        <\/form>\r\n                        <style>\r\n                                .sbe-shortcode-subscribe-form {\r\n                                        padding:15px;\r\n                                        color:inherit;\r\n                                        background-color:transparent;\r\n                                        box-sizing:border-box;\r\n                                        width:auto;\r\n                                                                                        margin:0 auto;\r\n                                                                        }\r\n                        <\/style>\r\n\r\n\t\t\t\n<p>Dearborn schools accept a parent\u2019s assertion that he or she needs language assistance without requiring additional corroboration. For free help with understanding the content of this document, please call the Student Services office 827-3005 for translation\/interpretation assistance.<\/p>\n<p>Arabic \u062a\u0624\u0643\u062f \u0645\u062f\u0627\u0631\u0633 \u062f\u064a\u0631\u0628\u0648\u0631\u0646 \u0639\u0644\u0649 \u062a\u0648\u0641\u064a\u0631 \u062e\u062f\u0645\u0627\u062a \u0627\u0644\u062a\u0631\u062c\u0645\u0629 \u0628\u062f\u0648\u0646 \u0623\u064a \u0634\u0631\u0637.\u0644\u0644\u062d\u0635\u0648\u0644 \u0639\u0644\u0649 \u0647\u0630\u0647 \u0627\u0644\u062e\u062f\u0645\u0629 \u0627\u0644\u0645\u062c\u0627\u0646\u064a\u0651\u0629 \u0648\u0644\u0641\u0647\u0645 \u0647\u0630\u0647 \u0627\u0644\u0625\u0633\u062a\u0645\u0627\u0631\u0629 \u064a\u0631\u062c\u0649 \u0627\u0644\u0625\u062a\u0635\u0627\u0644 \u0628\u0645\u0643\u062a\u0628 \u062e\u062f\u0645\u0627\u062a \u0627\u0644\u0637\u0644\u0627\u0628 \u0639\u0644\u0649 \u0627\u0644\u0631\u0642\u0645 3005-827.<\/p>\n<p>French: Les \u00e9coles de Dearborn vous offrent le service de traduction sans aucune condition. Si vous souhaitez avoir le service gratuit pour comprendre le contenu de ce document, pri\u00e8re d&#8217;appeler le bureau de Services aux Etudiants 827-3005.<\/p>\n<p>Spanish: Las escuelas de Dearborn acepta la afirmaci\u00f3n de un padre que \u00e9l o ella necesita ayuda con el idioma sin necesidad de corroboraci\u00f3n adicional. Para obtener ayuda gratuita con la comprensi\u00f3n del contenido de este documento, por favor llame a la oficina de Servicios de los Estudiantes 827-3005 para recibir asistencia de traducci\u00f3n \/ interpretaci\u00f3n.<\/p>\n<p>Romanian: Scolile orasului Dearborn accepta orice declaratie parinteasca care atesta nevoia copilul de assistenta cu limba engleza fara nici o dovada suplimentara. Daca aveti nevoie sa intelegeti acest document da-ti telefon la oficiul serviciilor scolare la numarul 827-3005 pentru a primi asistenta cu translatia sau interpretarea lui.<\/p>\n\t\t\t\t\t<div id=\"manage_subscription_wrap\">\r\n\t\t\t\t\t\t<h4>This page will show details of your email subscriptions. To see the options available to you, click the link in any newsletter email you have received from us<\/h4>\r\n\t\t\t\t\t<\/div>\r\n\t\t\t\t","protected":false},"excerpt":{"rendered":"<p>Dear Parents\/Guardians, My name is Mr. Brown and I would like to welcome your child to Room 31. The start of the school year holds the promise of new discovery and learning, as well as the prospect of personal growth in all areas. I look forward to an exciting, productive year working with you and [&hellip;]<\/p>\n","protected":false},"author":640,"featured_media":0,"parent":0,"menu_order":0,"comment_status":"closed","ping_status":"closed","template":"","meta":{"footnotes":""},"class_list":["post-342","page","type-page","status-publish","hentry"],"_links":{"self":[{"href":"https:\/\/iblog.dearbornschools.org\/brownm\/wp-json\/wp\/v2\/pages\/342","targetHints":{"allow":["GET"]}}],"collection":[{"href":"https:\/\/iblog.dearbornschools.org\/brownm\/wp-json\/wp\/v2\/pages"}],"about":[{"href":"https:\/\/iblog.dearbornschools.org\/brownm\/wp-json\/wp\/v2\/types\/page"}],"author":[{"embeddable":true,"href":"https:\/\/iblog.dearbornschools.org\/brownm\/wp-json\/wp\/v2\/users\/640"}],"replies":[{"embeddable":true,"href":"https:\/\/iblog.dearbornschools.org\/brownm\/wp-json\/wp\/v2\/comments?post=342"}],"version-history":[{"count":0,"href":"https:\/\/iblog.dearbornschools.org\/brownm\/wp-json\/wp\/v2\/pages\/342\/revisions"}],"wp:attachment":[{"href":"https:\/\/iblog.dearbornschools.org\/brownm\/wp-json\/wp\/v2\/media?parent=342"}],"curies":[{"name":"wp","href":"https:\/\/api.w.org\/{rel}","templated":true}]}}